{"id":26,"date":"2019-09-23T10:35:18","date_gmt":"2019-09-23T10:35:18","guid":{"rendered":"https:\/\/qa.lotterieservice.eu\/?page_id=26"},"modified":"2025-03-07T16:45:16","modified_gmt":"2025-03-07T16:45:16","slug":"kln","status":"publish","type":"page","link":"https:\/\/lotterieservice.eu\/de\/","title":{"rendered":"KLN"},"content":{"rendered":"\n\t\t\t\t<section class=\"contentCarousel\">\n\t\t\t\t\t<div class=\"contentCarousel__container swiper-container\">\n\t\t                <div class=\"contentCarousel__list contentCarousel__list--count4 swiper-wrapper\">\n\t\t\t\t\t<div class=\"contentCarousel__item swiper-slide\">\n\t\t\t\t\t\t<div class=\"contentCarousel__media\">\n\t\t\t\t\t\t\t<div class=\"contentCarousel__blur\" style=\"background-image: url('https:\/\/lotterieservice.eu\/wp-content\/uploads\/RJ-Slideshow-Easter-2025-1-300x94.jpg')\"><\/div>\n\t\t\t\t\t\t\t<img decoding=\"async\" src=\"https:\/\/lotterieservice.eu\/wp-content\/uploads\/RJ-Slideshow-Easter-2025-1-1024x322.jpg\" srcset=\"https:\/\/lotterieservice.eu\/wp-content\/uploads\/RJ-Slideshow-Easter-2025-1.jpg 3815w, https:\/\/lotterieservice.eu\/wp-content\/uploads\/RJ-Slideshow-Easter-2025-1-300x94.jpg 300w, https:\/\/lotterieservice.eu\/wp-content\/uploads\/RJ-Slideshow-Easter-2025-1-1024x322.jpg 1024w, https:\/\/lotterieservice.eu\/wp-content\/uploads\/RJ-Slideshow-Easter-2025-1-768x242.jpg 768w, https:\/\/lotterieservice.eu\/wp-content\/uploads\/RJ-Slideshow-Easter-2025-1-1536x483.jpg 1536w, https:\/\/lotterieservice.eu\/wp-content\/uploads\/RJ-Slideshow-Easter-2025-1-2048x644.jpg 2048w, https:\/\/lotterieservice.eu\/wp-content\/uploads\/RJ-Slideshow-Easter-2025-1-1920x604.jpg 1920w, https:\/\/lotterieservice.eu\/wp-content\/uploads\/RJ-Slideshow-Easter-2025-1-2560x805.jpg 2560w\" sizes=\"(max-width: 3815px) 100vw, 3815px\" alt=\"\">\n\t\t\t\t\t\t<\/div>\n\t\t\t\t\t\t<div class=\"contentCarousel__panel\"><div class=\"contentCarousel__title\">HURRA! Ostern ist da<\/div><div class=\"contentCarousel__description\">RentenJoker jetzt mit viel mehr Gewinnen<\/div><a href=\"https:\/\/lotterieservice.eu\/de\/kln\/neuigkeiten\/goldener-herbst-rentenjoker-2024\/\" class=\"contentCarousel__button button button--invert button--arrow\"><span class=\"button__title\">Weiterlesen<\/span><\/a><\/div>\n\t\t\t\t\t<\/div>\n\t\t\t\t\t\n\t\t\t\t\t<a href=\"https:\/\/lotterieservice.eu\/de\/kln\/spiel\/\" class=\"contentCarousel__item swiper-slide\">\n\t\t\t\t\t\t<div class=\"contentCarousel__media\">\n\t\t\t\t\t\t\t<div class=\"contentCarousel__blur\" style=\"background-image: url('https:\/\/lotterieservice.eu\/wp-content\/uploads\/homepage-carousel-1-richtig-kasse-mit-viel-klasse-300x82.jpg')\"><\/div>\n\t\t\t\t\t\t\t<img decoding=\"async\" src=\"https:\/\/lotterieservice.eu\/wp-content\/uploads\/homepage-carousel-1-richtig-kasse-mit-viel-klasse-1024x280.jpg\" srcset=\"https:\/\/lotterieservice.eu\/wp-content\/uploads\/homepage-carousel-1-richtig-kasse-mit-viel-klasse.jpg 2560w, https:\/\/lotterieservice.eu\/wp-content\/uploads\/homepage-carousel-1-richtig-kasse-mit-viel-klasse-300x82.jpg 300w, https:\/\/lotterieservice.eu\/wp-content\/uploads\/homepage-carousel-1-richtig-kasse-mit-viel-klasse-1024x280.jpg 1024w, https:\/\/lotterieservice.eu\/wp-content\/uploads\/homepage-carousel-1-richtig-kasse-mit-viel-klasse-768x210.jpg 768w, https:\/\/lotterieservice.eu\/wp-content\/uploads\/homepage-carousel-1-richtig-kasse-mit-viel-klasse-1536x420.jpg 1536w, https:\/\/lotterieservice.eu\/wp-content\/uploads\/homepage-carousel-1-richtig-kasse-mit-viel-klasse-2048x560.jpg 2048w, https:\/\/lotterieservice.eu\/wp-content\/uploads\/homepage-carousel-1-richtig-kasse-mit-viel-klasse-1920x525.jpg 1920w\" sizes=\"(max-width: 2560px) 100vw, 2560px\" alt=\"\">\n\t\t\t\t\t\t<\/div>\n\t\t\t\t\t\t<div class=\"contentCarousel__panel\"><div class=\"contentCarousel__title\">SEI DER N\u00c4CHSTE MILLION\u00c4R<\/div><\/div>\n\t\t\t\t\t<\/a>\n\t\t\t\t\t\n\t\t\t\t\t<a href=\"https:\/\/lotterieservice.eu\/de\/kln\/spiel\/\" class=\"contentCarousel__item swiper-slide\">\n\t\t\t\t\t\t<div class=\"contentCarousel__media\">\n\t\t\t\t\t\t\t<div class=\"contentCarousel__blur\" style=\"background-image: url('https:\/\/lotterieservice.eu\/wp-content\/uploads\/homepage-carousel-2-sei-der-nachste-millionar-300x82.jpg')\"><\/div>\n\t\t\t\t\t\t\t<img decoding=\"async\" src=\"https:\/\/lotterieservice.eu\/wp-content\/uploads\/homepage-carousel-2-sei-der-nachste-millionar-1024x280.jpg\" srcset=\"https:\/\/lotterieservice.eu\/wp-content\/uploads\/homepage-carousel-2-sei-der-nachste-millionar.jpg 2560w, https:\/\/lotterieservice.eu\/wp-content\/uploads\/homepage-carousel-2-sei-der-nachste-millionar-300x82.jpg 300w, https:\/\/lotterieservice.eu\/wp-content\/uploads\/homepage-carousel-2-sei-der-nachste-millionar-1024x280.jpg 1024w, https:\/\/lotterieservice.eu\/wp-content\/uploads\/homepage-carousel-2-sei-der-nachste-millionar-768x210.jpg 768w, https:\/\/lotterieservice.eu\/wp-content\/uploads\/homepage-carousel-2-sei-der-nachste-millionar-1536x420.jpg 1536w, https:\/\/lotterieservice.eu\/wp-content\/uploads\/homepage-carousel-2-sei-der-nachste-millionar-2048x560.jpg 2048w, https:\/\/lotterieservice.eu\/wp-content\/uploads\/homepage-carousel-2-sei-der-nachste-millionar-1920x525.jpg 1920w\" sizes=\"(max-width: 2560px) 100vw, 2560px\" alt=\"\">\n\t\t\t\t\t\t<\/div>\n\t\t\t\t\t\t<div class=\"contentCarousel__panel\"><div class=\"contentCarousel__title\">Richtig Kasse mit viel Klasse!<\/div><\/div>\n\t\t\t\t\t<\/a>\n\t\t\t\t\t\n\t\t\t\t\t<a href=\"https:\/\/lotterieservice.eu\/de\/kln\/spiel\/\" class=\"contentCarousel__item swiper-slide\">\n\t\t\t\t\t\t<div class=\"contentCarousel__media\">\n\t\t\t\t\t\t\t<div class=\"contentCarousel__blur\" style=\"background-image: url('https:\/\/lotterieservice.eu\/wp-content\/uploads\/homepage-carousel-3-der-augenblick-vom-gluck-300x82.jpg')\"><\/div>\n\t\t\t\t\t\t\t<img decoding=\"async\" src=\"https:\/\/lotterieservice.eu\/wp-content\/uploads\/homepage-carousel-3-der-augenblick-vom-gluck-1024x280.jpg\" srcset=\"https:\/\/lotterieservice.eu\/wp-content\/uploads\/homepage-carousel-3-der-augenblick-vom-gluck.jpg 2560w, https:\/\/lotterieservice.eu\/wp-content\/uploads\/homepage-carousel-3-der-augenblick-vom-gluck-300x82.jpg 300w, https:\/\/lotterieservice.eu\/wp-content\/uploads\/homepage-carousel-3-der-augenblick-vom-gluck-1024x280.jpg 1024w, https:\/\/lotterieservice.eu\/wp-content\/uploads\/homepage-carousel-3-der-augenblick-vom-gluck-768x210.jpg 768w, https:\/\/lotterieservice.eu\/wp-content\/uploads\/homepage-carousel-3-der-augenblick-vom-gluck-1536x420.jpg 1536w, https:\/\/lotterieservice.eu\/wp-content\/uploads\/homepage-carousel-3-der-augenblick-vom-gluck-2048x560.jpg 2048w, https:\/\/lotterieservice.eu\/wp-content\/uploads\/homepage-carousel-3-der-augenblick-vom-gluck-1920x525.jpg 1920w\" sizes=\"(max-width: 2560px) 100vw, 2560px\" alt=\"\">\n\t\t\t\t\t\t<\/div>\n\t\t\t\t\t\t<div class=\"contentCarousel__panel\"><div class=\"contentCarousel__title\">Der Augenblick vom Gl\u00fcck!<\/div><\/div>\n\t\t\t\t\t<\/a>\n\t\t\t\t\t<\/div>\n\t\t                <div class=\"contentCarousel__pagination swiper-pagination\"><\/div>\n\t                    <div class=\"contentCarousel__next swiper-button-next\"><\/div>\n\t                    <div class=\"contentCarousel__prev swiper-button-prev\"><\/div>\n\t                <\/div>\n\t            <\/section>\n\t            \n\n<section class=\"contentSection\">\n\t\t\t\t<div class=\"contentSection__text\">\n\t\t\t\t\t<div class=\"contentSection__title\">Das 154. KLN-Spiel<\/div>\n\t\t\t\t\t<p class=\"contentSection__description\">Mit \u00fcber 75 Jahren Tradition: Die 154. KLN mit insgesamt 195 Millionengewinnen! In ersten 5 Klassen werden in den neuen Sonderziehungen der KLN jeweils an einem Tag insgesamt <strong>24 Gewinne von<\/strong> <strong>50.000 \u20ac bis zu 500.000 \u20ac<\/strong> verlost! <br><br>Im gro\u00dfen Millionen-Finale warten schlie\u00dflich 50 x 1 Million in Gold!<br><br>Das KLN-Spiel sch\u00fcttet als Gesamtgewinnsumme \u00fcber 2,3 Mrd. Euro an Geld-, Gold- und Sachpreisen und mehr garantierte Millionengewinne als andere Lotterien aus \u2013 und das mit nur einem Klick. Dabei sind die Teilnahme und die Gewinnchancen auf fantastische Preise auf kein spezifisches Land festgelegt und die\u00a0<strong>Auszahlung<\/strong>\u00a0ist aufgrund einer europ\u00e4ischen Lizenz\u00a0<strong>garantiert<\/strong>. Das KLN-Los l\u00e4sst dank der finalen Jackpot-Ziehung im Gesamtwert <strong>von bis zu 20 Millionen Euro<\/strong> Gewinnerherzen h\u00f6herschlagen. Zus\u00e4tzlich gibt es jeden Tag mindestens 1 x 1 Million Euro oder 100 x 10.000 \u20ac oder spektakul\u00e4re preise wie eine private Insel, Traumreisen, Autos, E-Bikes und H\u00e4user zu gewinnen. Im gro\u00dfen Millionen-Finale am letzten Tag der Lotterie warten 50 x 1 Million \u20ac in Gold! Das KLN-Los: ein St\u00fcck vom Gl\u00fcck.\u00a0 <a href=\"https:\/\/lotterieservice.eu\/de\/kln\/spiel\/\">Weiterlesen<\/a><\/p>\n\t\t\t\t<\/div>\n\t\t\t\t<div class=\"contentSection__media\">\n\t\t\t\t\t<a href=\"https:\/\/lotterieservice.eu\/de\/kln\/spiel\/\"><img loading=\"lazy\" decoding=\"async\" width=\"1000\" height=\"1000\" src=\"https:\/\/lotterieservice.eu\/wp-content\/uploads\/game-kln-banner-square.jpg\" class=\"contentSection__image\" alt=\"Das 154. KLN-Spiel\" srcset=\"https:\/\/lotterieservice.eu\/wp-content\/uploads\/game-kln-banner-square.jpg 1000w, https:\/\/lotterieservice.eu\/wp-content\/uploads\/game-kln-banner-square-300x300.jpg 300w, https:\/\/lotterieservice.eu\/wp-content\/uploads\/game-kln-banner-square-150x150.jpg 150w, https:\/\/lotterieservice.eu\/wp-content\/uploads\/game-kln-banner-square-768x768.jpg 768w\" sizes=\"(max-width: 1000px) 100vw, 1000px\" \/><\/a>\n\t\t\t\t<\/div>\n\t\t\t<\/section>\n\n<section class=\"contentSection\">\n\t\t\t\t<div class=\"contentSection__text\">\n\t\t\t\t\t<div class=\"contentSection__title\">MillionenJoker<\/div>\n\t\t\t\t\t<p class=\"contentSection__description\">Der Kick mit dem Zusatz-Klick! Darf es noch eine Million mehr sein? Allein mit der KLN MillionenJoker Option werden insgesamt 305 Millionenchancen pro Los\/Losanteil zus\u00e4tzlich verlost. Diese vorteilhafte KLN-Spielerg\u00e4nzung erh\u00f6ht die Gesamtanzahl der Gewinne von \u00fcber 1 Million \u20ac auf \u00fcber sagenhafte 500 Millionengewinne pro Spiel. Aufgrund der hervorragenden Gewinnchancen-Maximierung auf Millionengewinne wird der MillionenJoker regelm\u00e4\u00dfig direkt bei der Losbestellung mitaktiviert. <a href=\"https:\/\/lotterieservice.eu\/de\/kln\/millionenjoker\/\">Weiterlesen<\/a><\/p>\n\t\t\t\t<\/div>\n\t\t\t\t<div class=\"contentSection__media\">\n\t\t\t\t\t<a href=\"https:\/\/lotterieservice.eu\/de\/kln\/millionenjoker\/\"><img loading=\"lazy\" decoding=\"async\" width=\"1000\" height=\"1000\" src=\"https:\/\/lotterieservice.eu\/wp-content\/uploads\/game-mj-banner-square.jpg\" class=\"contentSection__image\" alt=\"MillionenJoker\" srcset=\"https:\/\/lotterieservice.eu\/wp-content\/uploads\/game-mj-banner-square.jpg 1000w, https:\/\/lotterieservice.eu\/wp-content\/uploads\/game-mj-banner-square-300x300.jpg 300w, https:\/\/lotterieservice.eu\/wp-content\/uploads\/game-mj-banner-square-150x150.jpg 150w, https:\/\/lotterieservice.eu\/wp-content\/uploads\/game-mj-banner-square-768x768.jpg 768w\" sizes=\"(max-width: 1000px) 100vw, 1000px\" \/><\/a>\n\t\t\t\t<\/div>\n\t\t\t<\/section>\n\n<section class=\"contentSection\">\n\t\t\t\t<div class=\"contentSection__text\">\n\t\t\t\t\t<div class=\"contentSection__title\">RentenJoker<\/div>\n\t\t\t\t\t<p class=\"contentSection__description\">Die sch\u00f6nsten Momente f\u00fcr die Rente gibt es schon ab 5\u20ac! Mit dem neuen RentenJoker gibt es jeden Monat mehr als 40 Sofort-Renten \u00fcber 10 Jahre, 1 x 250.000 \u20ac Geldgewinn, jede Woche 1 x 50.000 \u20ac sowie \u00fcber 150.000 Kleingewinne, die auf Sie warten.<br><br><mark style=\"background-color:rgba(0, 0, 0, 0);color:#085a2a\" class=\"has-inline-color\"><strong>RENTENJOKER PLUS<\/strong><\/mark><br>Mehr Sofort-Renten mit doppelter Laufzeit f\u00fcr 5 \u20ac extra. Jeweils einmal eine Rente \u00fcber 1.000 \u20ac, 2.500 \u20ac und 5.000 \u20ac monatlich \u2013 f\u00fcr 20 Jahre. <a href=\"https:\/\/lotterieservice.eu\/de\/kln\/rentenjoker\/\">Weiterlesen<\/a><\/p>\n\t\t\t\t<\/div>\n\t\t\t\t<div class=\"contentSection__media\">\n\t\t\t\t\t<a href=\"https:\/\/lotterieservice.eu\/de\/kln\/rentenjoker\/\"><img loading=\"lazy\" decoding=\"async\" width=\"1000\" height=\"1000\" src=\"https:\/\/lotterieservice.eu\/wp-content\/uploads\/game-rj-banner-square.jpg\" class=\"contentSection__image\" alt=\"RentenJoker\" srcset=\"https:\/\/lotterieservice.eu\/wp-content\/uploads\/game-rj-banner-square.jpg 1000w, https:\/\/lotterieservice.eu\/wp-content\/uploads\/game-rj-banner-square-300x300.jpg 300w, https:\/\/lotterieservice.eu\/wp-content\/uploads\/game-rj-banner-square-150x150.jpg 150w, https:\/\/lotterieservice.eu\/wp-content\/uploads\/game-rj-banner-square-768x768.jpg 768w\" sizes=\"(max-width: 1000px) 100vw, 1000px\" \/><\/a>\n\t\t\t\t<\/div>\n\t\t\t<\/section>\n\n\n<hr class=\"wp-block-separator has-css-opacity\"\/>\n\n\n\n<h2 class=\"wp-block-heading h1\">NEWSLETTER<\/h2>\n\n\n\n            <section id=\"newsletterFormNotification\" class=\"notification newsletterFormNotification\" style=\"display: none;\"><div class=\"notification__label\"><\/div><\/section>\n\t\t\t<form id=\"newsletterForm\" class=\"newsletterForm\" method=\"post\" action=\"https:\/\/lotterieservice.eu\/wp-admin\/admin-ajax.php?lang=de\" data-lastpass=\"disable\">\n                <input type=\"hidden\" name=\"nonce\" value=\"d73ac66e6b\">\n                <input type=\"hidden\" name=\"nonce_time\" value=\"1778065998\">\n                <input type=\"hidden\" name=\"newsletter_token\" value=\"MWJO6tH6qIptR+H2PRGbTq7AgHkM2OydKZg\/bLCxlSWRudHadejZt7j4hZhlETLiLANTu2c8hvlHLPbALf0mBw==\">\n                <input type=\"hidden\" name=\"action\" value=\"newsletter\">\n\t\t\t\t<label class=\"newsletterForm__label\" for=\"newsletterFormInput\">Aktuelle KLN-Spiel-Angebote erhalten<\/label>\n\t\t\t\t<div class=\"newsletterForm__note\">Durch Klicken auf Anmelden stimmen Sie den <a href=\"https:\/\/lotterieservice.eu\/de\/kln\/datenschutz\/\" class=\"ek-link\">Datenschutzbestimmungen<\/a> zu.<\/div>\n                <div class=\"newsletterForm__hp\" style=\"overflow: hidden; margin: 0; width: 0; height: 0\">\n                    <label class=\"contentNewsletter__label\" for=\"contentNewsletterSurname\">Surname<\/label>\n                    <input id=\"newsletterFormSurname\" class=\"newsletterForm__input input\" type=\"text\" name=\"newsletter_surname\" value=\"\" tabindex=\"-1\" autocomplete=\"section-honeypot nofill\" autofill=\"off\" data-lastpass=\"disable\">\n                <\/div>\n\t\t\t\t<input id=\"newsletterFormEmail\" class=\"newsletterForm__input input\" type=\"email\" name=\"newsletter_email\" placeholder=\"E-Mail-Adresse eingeben\" value=\"\" maxlength=\"128\" required>\n\t\t\t\t<button id=\"newsletterFormSubmit\" class=\"newsletterForm__button button\" type=\"submit\">Anmelden<\/button>\n\t\t\t<\/form>\n\t\t\t\n\n\n<hr class=\"wp-block-separator has-css-opacity\"\/>\n\n\n\n<h2 class=\"wp-block-heading h1\">NEUIGKEITEN<\/h2>\n\n\n\n            <section class=\"contentSlider contentSlider--news swiper-container\">\n                <div class=\"contentSlider__list swiper-wrapper\">\n\t\t\t\t\t<div class=\"contentSlider__item swiper-slide\">\n\t\t\t\t\t\t<a href=\"https:\/\/lotterieservice.eu\/de\/kln\/neuigkeiten\/goldener-herbst-rentenjoker-2024\/\" class=\"contentSlider__image\"><img loading=\"lazy\" decoding=\"async\" width=\"1344\" height=\"898\" src=\"https:\/\/lotterieservice.eu\/wp-content\/uploads\/RJ-News-October-2024.jpg\" class=\"attachment- size- wp-post-image\" alt=\"Goldener Herbst RentenJoker 2024\" srcset=\"https:\/\/lotterieservice.eu\/wp-content\/uploads\/RJ-News-October-2024.jpg 1344w, https:\/\/lotterieservice.eu\/wp-content\/uploads\/RJ-News-October-2024-300x200.jpg 300w, https:\/\/lotterieservice.eu\/wp-content\/uploads\/RJ-News-October-2024-1024x684.jpg 1024w, https:\/\/lotterieservice.eu\/wp-content\/uploads\/RJ-News-October-2024-768x513.jpg 768w\" sizes=\"(max-width: 1344px) 100vw, 1344px\" \/><\/a>\n\t\t\t\t\t\t<div class=\"contentSlider__title\">Goldener Herbst RentenJoker 2024<\/div>\n\t\t\t\t\t\t<div class=\"contentSlider__description\">Mit dem neuen RentenJoker gibt es ab April jeden Monat<\/div>\n\t\t\t\t\t\t<a href=\"https:\/\/lotterieservice.eu\/de\/kln\/neuigkeiten\/goldener-herbst-rentenjoker-2024\/\" class=\"contentSlider__link\" aria-label=\"Goldener Herbst RentenJoker 2024, Weiterlesen\">Weiterlesen<\/a>\n\t\t\t\t\t<\/div>\n\t\t\t\t\t\n\t\t\t\t\t<div class=\"contentSlider__item swiper-slide\">\n\t\t\t\t\t\t<a href=\"https:\/\/lotterieservice.eu\/de\/kln\/neuigkeiten\/traumreisen-2\/\" class=\"contentSlider__image\"><img loading=\"lazy\" decoding=\"async\" width=\"1344\" height=\"898\" src=\"https:\/\/lotterieservice.eu\/wp-content\/uploads\/KLN-153-Traumreisen.jpg\" class=\"attachment- size- wp-post-image\" alt=\"Traumreisen\" srcset=\"https:\/\/lotterieservice.eu\/wp-content\/uploads\/KLN-153-Traumreisen.jpg 1344w, https:\/\/lotterieservice.eu\/wp-content\/uploads\/KLN-153-Traumreisen-300x200.jpg 300w, https:\/\/lotterieservice.eu\/wp-content\/uploads\/KLN-153-Traumreisen-1024x684.jpg 1024w, https:\/\/lotterieservice.eu\/wp-content\/uploads\/KLN-153-Traumreisen-768x513.jpg 768w\" sizes=\"(max-width: 1344px) 100vw, 1344px\" \/><\/a>\n\t\t\t\t\t\t<div class=\"contentSlider__title\">Traumreisen<\/div>\n\t\t\t\t\t\t<div class=\"contentSlider__description\">Am\u00a06. Dezember 2024\u00a0k\u00f6nnen Sie\u00a0290 Traumreisen\u00a0im Gesamtwert von\u00a04,35 Millionen Euro\u00a0(Wert pro<\/div>\n\t\t\t\t\t\t<a href=\"https:\/\/lotterieservice.eu\/de\/kln\/neuigkeiten\/traumreisen-2\/\" class=\"contentSlider__link\" aria-label=\"Traumreisen, Weiterlesen\">Weiterlesen<\/a>\n\t\t\t\t\t<\/div>\n\t\t\t\t\t\n\t\t\t\t\t<div class=\"contentSlider__item swiper-slide\">\n\t\t\t\t\t\t<a href=\"https:\/\/lotterieservice.eu\/de\/kln\/neuigkeiten\/e-bike\/\" class=\"contentSlider__image\"><img loading=\"lazy\" decoding=\"async\" width=\"1344\" height=\"898\" src=\"https:\/\/lotterieservice.eu\/wp-content\/uploads\/KLN-150-prize-3.jpg\" class=\"attachment- size- wp-post-image\" alt=\"E-Bikes\" srcset=\"https:\/\/lotterieservice.eu\/wp-content\/uploads\/KLN-150-prize-3.jpg 1344w, https:\/\/lotterieservice.eu\/wp-content\/uploads\/KLN-150-prize-3-300x200.jpg 300w, https:\/\/lotterieservice.eu\/wp-content\/uploads\/KLN-150-prize-3-1024x684.jpg 1024w, https:\/\/lotterieservice.eu\/wp-content\/uploads\/KLN-150-prize-3-768x513.jpg 768w\" sizes=\"(max-width: 1344px) 100vw, 1344px\" \/><\/a>\n\t\t\t\t\t\t<div class=\"contentSlider__title\">E-Bikes<\/div>\n\t\t\t\t\t\t<div class=\"contentSlider__description\">Am\u00a04. Oktober 2024\u00a0k\u00f6nnen Sie\u00a0300 E-Bikes\u00a0im Gesamtwert von\u00a01,8 Millionen Euro\u00a0(Wert pro<\/div>\n\t\t\t\t\t\t<a href=\"https:\/\/lotterieservice.eu\/de\/kln\/neuigkeiten\/e-bike\/\" class=\"contentSlider__link\" aria-label=\"E-Bikes, Weiterlesen\">Weiterlesen<\/a>\n\t\t\t\t\t<\/div>\n\t\t\t\t\t\n\t\t\t\t\t<div class=\"contentSlider__item swiper-slide\">\n\t\t\t\t\t\t<a href=\"https:\/\/lotterieservice.eu\/de\/kln\/neuigkeiten\/individualreisen-2\/\" class=\"contentSlider__image\"><img loading=\"lazy\" decoding=\"async\" width=\"1344\" height=\"898\" src=\"https:\/\/lotterieservice.eu\/wp-content\/uploads\/KLN-153-Individualreisen.jpg\" class=\"attachment- size- wp-post-image\" alt=\"INDIVIDUALREISEN\" srcset=\"https:\/\/lotterieservice.eu\/wp-content\/uploads\/KLN-153-Individualreisen.jpg 1344w, https:\/\/lotterieservice.eu\/wp-content\/uploads\/KLN-153-Individualreisen-300x200.jpg 300w, https:\/\/lotterieservice.eu\/wp-content\/uploads\/KLN-153-Individualreisen-1024x684.jpg 1024w, https:\/\/lotterieservice.eu\/wp-content\/uploads\/KLN-153-Individualreisen-768x513.jpg 768w\" sizes=\"(max-width: 1344px) 100vw, 1344px\" \/><\/a>\n\t\t\t\t\t\t<div class=\"contentSlider__title\">INDIVIDUALREISEN<\/div>\n\t\t\t\t\t\t<div class=\"contentSlider__description\">Am\u00a01. November 2024\u00a0k\u00f6nnen Sie\u00a0300 Individualreisen\u00a0im Gesamtwert von\u00a03 Millionen Euro\u00a0(Wert pro<\/div>\n\t\t\t\t\t\t<a href=\"https:\/\/lotterieservice.eu\/de\/kln\/neuigkeiten\/individualreisen-2\/\" class=\"contentSlider__link\" aria-label=\"INDIVIDUALREISEN, Weiterlesen\">Weiterlesen<\/a>\n\t\t\t\t\t<\/div>\n\t\t\t\t\t\n\t\t\t\t\t<div class=\"contentSlider__item swiper-slide\">\n\t\t\t\t\t\t<a href=\"https:\/\/lotterieservice.eu\/de\/kln\/neuigkeiten\/viebrockhaeuser-edition-660-ii-2\/\" class=\"contentSlider__image\"><img loading=\"lazy\" decoding=\"async\" width=\"1344\" height=\"898\" src=\"https:\/\/lotterieservice.eu\/wp-content\/uploads\/KLN-153-House.jpg\" class=\"attachment- size- wp-post-image\" alt=\"VIEBROCKH\u00c4USER EDITION 660 II\" srcset=\"https:\/\/lotterieservice.eu\/wp-content\/uploads\/KLN-153-House.jpg 1344w, https:\/\/lotterieservice.eu\/wp-content\/uploads\/KLN-153-House-300x200.jpg 300w, https:\/\/lotterieservice.eu\/wp-content\/uploads\/KLN-153-House-1024x684.jpg 1024w, https:\/\/lotterieservice.eu\/wp-content\/uploads\/KLN-153-House-768x513.jpg 768w\" sizes=\"(max-width: 1344px) 100vw, 1344px\" \/><\/a>\n\t\t\t\t\t\t<div class=\"contentSlider__title\">VIEBROCKH\u00c4USER EDITION 660 II<\/div>\n\t\t\t\t\t\t<div class=\"contentSlider__description\">Endlich Ihr Zuhausehaus. Nichts ist sch\u00f6ner als das eigene Zuhause.<\/div>\n\t\t\t\t\t\t<a href=\"https:\/\/lotterieservice.eu\/de\/kln\/neuigkeiten\/viebrockhaeuser-edition-660-ii-2\/\" class=\"contentSlider__link\" aria-label=\"VIEBROCKH\u00c4USER EDITION 660 II, Weiterlesen\">Weiterlesen<\/a>\n\t\t\t\t\t<\/div>\n\t\t\t\t\t\n\t\t\t\t\t<div class=\"contentSlider__item swiper-slide\">\n\t\t\t\t\t\t<a href=\"https:\/\/lotterieservice.eu\/de\/kln\/neuigkeiten\/mercedes-benz-eq8\/\" class=\"contentSlider__image\"><img loading=\"lazy\" decoding=\"async\" width=\"1344\" height=\"898\" src=\"https:\/\/lotterieservice.eu\/wp-content\/uploads\/KLN-153-Car.jpg\" class=\"attachment- size- wp-post-image\" alt=\"MERCEDES-BENZ EQ8\" srcset=\"https:\/\/lotterieservice.eu\/wp-content\/uploads\/KLN-153-Car.jpg 1344w, https:\/\/lotterieservice.eu\/wp-content\/uploads\/KLN-153-Car-300x200.jpg 300w, https:\/\/lotterieservice.eu\/wp-content\/uploads\/KLN-153-Car-1024x684.jpg 1024w, https:\/\/lotterieservice.eu\/wp-content\/uploads\/KLN-153-Car-768x513.jpg 768w\" sizes=\"(max-width: 1344px) 100vw, 1344px\" \/><\/a>\n\t\t\t\t\t\t<div class=\"contentSlider__title\">MERCEDES-BENZ EQ8<\/div>\n\t\t\t\t\t\t<div class=\"contentSlider__description\">Am\u00a07. Februar 2025\u00a0k\u00f6nnen Sie\u00a0100 MERCEDES-BENZ EQ8\u00a0im Gesamtwert von\u00a07 Millionen Euro\u00a0(Wert<\/div>\n\t\t\t\t\t\t<a href=\"https:\/\/lotterieservice.eu\/de\/kln\/neuigkeiten\/mercedes-benz-eq8\/\" class=\"contentSlider__link\" aria-label=\"MERCEDES-BENZ EQ8, Weiterlesen\">Weiterlesen<\/a>\n\t\t\t\t\t<\/div>\n\t\t\t\t\t<\/div>\n                <div class=\"contentSlider__pagination swiper-pagination\"><\/div>\n                <div class=\"contentSlider__next swiper-button-next\"><\/div>\n                <div class=\"contentSlider__prev swiper-button-prev\"><\/div>\n            <\/section>\n\t\t\t","protected":false},"excerpt":{"rendered":"<p>NEWSLETTER NEUIGKEITEN<\/p>\n","protected":false},"author":1,"featured_media":105,"parent":0,"menu_order":0,"comment_status":"closed","ping_status":"closed","template":"page-home.php","meta":{"footnotes":""},"_links":{"self":[{"href":"https:\/\/lotterieservice.eu\/de\/wp-json\/wp\/v2\/pages\/26"}],"collection":[{"href":"https:\/\/lotterieservice.eu\/de\/wp-json\/wp\/v2\/pages"}],"about":[{"href":"https:\/\/lotterieservice.eu\/de\/wp-json\/wp\/v2\/types\/page"}],"author":[{"embeddable":true,"href":"https:\/\/lotterieservice.eu\/de\/wp-json\/wp\/v2\/users\/1"}],"replies":[{"embeddable":true,"href":"https:\/\/lotterieservice.eu\/de\/wp-json\/wp\/v2\/comments?post=26"}],"version-history":[{"count":24,"href":"https:\/\/lotterieservice.eu\/de\/wp-json\/wp\/v2\/pages\/26\/revisions"}],"predecessor-version":[{"id":1764,"href":"https:\/\/lotterieservice.eu\/de\/wp-json\/wp\/v2\/pages\/26\/revisions\/1764"}],"wp:featuredmedia":[{"embeddable":true,"href":"https:\/\/lotterieservice.eu\/de\/wp-json\/wp\/v2\/media\/105"}],"wp:attachment":[{"href":"https:\/\/lotterieservice.eu\/de\/wp-json\/wp\/v2\/media?parent=26"}],"curies":[{"name":"wp","href":"https:\/\/api.w.org\/{rel}","templated":true}]}}