{"id":29,"date":"2019-09-23T20:23:11","date_gmt":"2019-09-23T20:23:11","guid":{"rendered":"https:\/\/qa.lotterieservice.eu\/?page_id=29"},"modified":"2025-03-07T16:48:38","modified_gmt":"2025-03-07T16:48:38","slug":"spiel","status":"publish","type":"page","link":"https:\/\/lotterieservice.eu\/de\/kln\/spiel\/","title":{"rendered":"KLN-Spiel"},"content":{"rendered":"\n<h2 class=\"wp-block-heading h1 preheading\"><em>Mehr Chancen <\/em>mehr Millionengewinne<\/h2>\n\n\n\n<p>Pro Jahr starten nur zwei KLN-Spiele \u2013 jeweils am 1. April und am 1. Oktober, wobei Anzahl als auch Summe der Gewinne Monat f\u00fcr Monat steigen. Jedes Spiel dauert sechs Monate, wobei ein Monat genau einer &#8222;Klasse&#8220; entspricht. Jeden Tag finden Gewinnziehungen in Millionenh\u00f6he statt! Die Gesamtgewinnsumme \u00fcber das gesamte Spiel betr\u00e4gt erstmalig \u00fcber 2,3 Mrd. \u20ac und alleine 500 Millionengewinne werden \u00fcber alle 6 Klassen ausgespielt. Die Losnummern k\u00f6nnen als ganze Lose (1\/1 Los) oder in folgenden Losanteilen (1\/2, 1\/4, 1\/8 oder 1\/16 Los) gespielt werden.<\/p>\n\n\n\n<p><strong>Highlights in der 154. KLN:<\/strong><\/p>\n\n\n\n<ul>\n<li>Gesamtgewinnsumme der Geldgewinne \u00fcber 2,3 Mrd. \u20ac<\/li>\n\n\n\n<li>Dynamischer KLN-Jackpot: &nbsp;mit bis zu 20 Millionen \u20ac in der 6. Klasse<\/li>\n\n\n\n<li>T\u00e4glich 1 x 1 Million \u20ac oder 100 x 10.000 \u20ac<\/li>\n\n\n\n<li>Insgesamt \u00fcber 3 Millionen Gewinne<\/li>\n\n\n\n<li>Mehr als 1.000 Sachgewinne E-Bikes, Autos, Reisen, H\u00e4user sowie eine Insel im Werte von 3 Millionen \u20ac<\/li>\n\n\n\n<li>Monatliche Sonderziehungen: jeweils 25 Gewinne von 50.000 \u20ac bis zu 25 x 500.000 \u20ac an einem Tag in den ersten 5 Klassen und in der 6. Klasse wartet mit 50 x 1 Million \u20ac in Gold das gro\u00dfe Millionen-Finale<\/li>\n\n\n\n<li>Nur im September in der Millionen-Klasse gibt es 207 Millionengewinne mit MillionJoker zu gewinnen.<\/li>\n<\/ul>\n\n\n\n<p><strong>GEWINNSTRATEGIEN<\/strong> &#8211; Sie entscheiden selbst Ihre Gewinn-Strategie egal ob Optimierung der Trefferchance oder Maximierung des Spitzengewinns: Je h\u00f6her der Losanteil an einer Losnummer ist, desto h\u00f6her ist auch der pers\u00f6nliche Spitzengewinn. Spielen Sie mit ganzen Losen, haben Sie im Gewinnfall auch Anspruch auf den ganzen ungeteilten Gewinn. Bei Losanteilen entspricht der Geldgewinnanteil dem jeweiligen Losanteil. Damit auch Spieler von Losanteilen in den vollen Genuss eines Sachgewinnes kommen, werden alle Sachgewinne auf exakt den jeweiligen Losanteil mittels einer Buchstabenziehung ermittelt. Stimmen Losnummer und Buchstabe mit der vollst\u00e4ndigen Gewinnnummer \u00fcberein, hat der Gewinner den Sachpreis in vollem Umfang erzielt. Durch die streng limitierte Auflage von 5 Millionen Losen pro Spiel haben Sie in der KLN \u00fcbrigens so hohe Trefferchancen wie in sonst kaum einer anderen Lotterie. Indem Sie gleichzeitig unterschiedliche Losnummern spielen, k\u00f6nnen Sie Ihre Trefferchancen optimieren:<\/p>\n\n\n\n<p><strong>KLASSISCH &#8211; \u00fcber 53 % Chance auf einen Treffer mit einem Losnummer:<\/strong> Sie setzen alles auf ein ganzes Los und r\u00e4umen richtig ab!&nbsp;<\/p>\n\n\n\n<p>Ihr Gewinn: Sollte das ganze Los gewinnen, wird der volle Gewinnbetrag ausbezahlt und Sie sind schon morgen ein mehrfacher Million\u00e4r. Je gr\u00f6\u00dfer der gespielte Losanteil desto h\u00f6her die Chancen bei den monatlichen &nbsp;Sachgewinnziehungen.<\/p>\n\n\n\n<p><strong>KOMBINIERT<\/strong> <strong>&#8211; \u00dcber 91 % Chance auf einen Treffer mit 3 Losnummern:<\/strong> Mit einer Los-Kombi-Tipp, z. B. einer 3\/8-Kombi k\u00f6nnen Sie sich mit mehreren Losnummern gleichzeitig am Spiel beteiligen. In diesem Fall liegt die Beteiligung jeweils bei einem 1\/8 Anteil an 3 unterschiedlichen Losnummern. <\/p>\n\n\n\n<p>Ihr Gewinn: Die Trefferchancen erh\u00f6hen sich enorm. Bei einem 1\/2-, 1\/4-, 1\/8-, oder 1\/16-Losanteil entspricht die H\u00f6he des Geldgewinns dem jeweiligen Losanteil.<\/p>\n\n\n\n<p><strong>STRATEGISCH &#8211; \u00dcber 96 % Chance auf einen Treffer mit 4 Losnummern<\/strong>: Sowohl ein Los-Kombi-Tipp z. B. eine 3\/16-Kombi als auch ein ganzes Los werden zusammen gespielt.<\/p>\n\n\n\n<p>Ihr Gewinn: Auf der einen Seite erh\u00f6hen Sie ihre Trefferchancen, auf der anderen Seite haben Sie ebenfalls die Chance einen maximalen Spitzengewinn einzustreichen.<\/p>\n\n\n\n<h2 class=\"wp-block-heading h1\">Dynamischer KLN JACKPOT<\/h2>\n\n\n\n<p>Der Jackpot der KLN beginnt bei 10 Millionen \u20ac in der ersten Klasse und w\u00e4chst monatlich um jeweils 2 Millionen \u20ac an, bis er ausgespielt wird oder die Maximalsumme von 20 Millionen \u20ac erreicht.<br>Das Besondere daran: Wird der Jackpot geknackt, startet er im darauffolgenden Monat wieder mit 10 Millionen \u20ac.<br><br>Sie haben also jeden Monat die Chance mehrfacher Million\u00e4r zu werden!<\/p>\n\n\n\n<h2 class=\"wp-block-heading h1\">Mehrfache Gewinnchancen<\/h2>\n\n\n\n<p>Besser kann man nicht gewinnen: Losnummern, die einmal gewonnen haben, bleiben bis zum Beginn der 6. Klasse im Spiel und sind in den weiteren Ziehungen der Klasse gewinnberechtigt. Nur jene Losnummern, die in den 4 gro\u00dfen Hauptziehungen der 6. Klasse gewinnen, scheiden vor dem Tag der jeweils n\u00e4chsten gro\u00dfen Haupt- bzw. Superziehung aus dem Spiel aus. Jeder Gewinner kann mit einem Anschlusslos die 6. Klasse bis zum Ende spielen und sich somit die Chancen auf die fantastischen Gro\u00dfgewinne der 6. Klasse sowie den Jackpot sichern.<\/p>\n\n\n<a href=\"https:\/\/lotterieservice.eu\/de\/kln\/spiel\/\" class=\"contentBanner\" style=\"background-image: url('https:\/\/lotterieservice.eu\/wp-content\/uploads\/KLN-banner-background.jpg');\">\n\t\t\t\t<div class=\"contentBanner__media\" style=\"background-image: url('https:\/\/lotterieservice.eu\/wp-content\/uploads\/KLN-logo.svg');\"><\/div>\n\t\t\t\t<div class=\"contentBanner__text\">\n\t\t\t\t\t<div class=\"contentBanner__title\">KLN<\/div>\n\t\t\t\t\t<div class=\"contentBanner__price contentBanner__price--medium\">1 MIO. \u20ac <\/div>\n\t\t\t\t\t<div class=\"contentBanner__description\">Jeden Tag Zu gewinnen<\/div>\n\t\t\t\t<\/div>\n\t\t\t<\/a>\n\n\n<h2 class=\"wp-block-heading h1\">MillionenJoker<\/h2>\n\n\n\n<h4 class=\"wp-block-heading\">305 Millionenchancen in der 154. KLN extra:<\/h4>\n\n\n\n<ol>\n<li>Klasse: 20 x 1 Million \u20ac 04.04.2025<\/li>\n\n\n\n<li>Klasse: 25 x 1 Million \u20ac 02.05.2025<\/li>\n\n\n\n<li>Klasse: 40 x 1 Million \u20ac 06.06.2025<\/li>\n\n\n\n<li>Klasse: 50 x 1 Million \u20ac 04.07.2025<\/li>\n\n\n\n<li>Klasse: 70 x 1 Million \u20ac 01.08.2025<\/li>\n\n\n\n<li>Klasse: 100 x 1 Million \u20ac 01.09.2025<\/li>\n<\/ol>\n\n\n\n<p>Jeder Mitspieler kann sich beim Kauf eines Loses zus\u00e4tzlich entscheiden, ob er an der Spielerg\u00e4nzung MillionenJoker teilnehmen m\u00f6chte. Beim MillionenJoker werden 305 Gewinne mit einer Gesamtgewinnsumme von 305 Millionen \u20ac verlost. F\u00fcr nur 1,75 \u20acmehr je 1\/16-Los pro Klasse erhalten Sie die Freischaltung des MillionenJokers f\u00fcr zus\u00e4tzliche 305 Millionengewinne pro Losnummer.<\/p>\n\n\n<a href=\"https:\/\/lotterieservice.eu\/de\/kln\/millionenjoker\/\" class=\"contentBanner\" style=\"background-image: url('https:\/\/lotterieservice.eu\/wp-content\/uploads\/MillionenJoker-banner-background.jpg');\">\n\t\t\t\t<div class=\"contentBanner__media\" style=\"background-image: url('https:\/\/lotterieservice.eu\/wp-content\/uploads\/MillionenJoker-banner-logo.png');\"><\/div>\n\t\t\t\t<div class=\"contentBanner__text\">\n\t\t\t\t\t<div class=\"contentBanner__title\">MillionenJoker<\/div>\n\t\t\t\t\t<div class=\"contentBanner__price contentBanner__price--medium\">230 Mio. \u20ac<\/div>\n\t\t\t\t\t<div class=\"contentBanner__description\">Spieleerg\u00e4nzung<\/div>\n\t\t\t\t<\/div>\n\t\t\t<\/a>\n\n\n<h2 class=\"wp-block-heading h1\">RentenJoker<\/h2>\n\n\n\n<p class=\"has-text-align-left\"><strong><strong>Mehr als 40 10-Jahres-Renten und \u00fcber 150.000 Geldgewinne&nbsp;jeden Monat:<\/strong><\/strong><\/p>\n\n\n\n<p><strong><em>Rentengewinne<\/em><\/strong><\/p>\n\n\n\n<blockquote class=\"wp-block-quote\">\n<p>Jeden Monat: 3 x 5.000 \u20ac&nbsp;monatlich f\u00fcr 10 Jahre<br>Jede Woche: 2 x 2.500 \u20ac&nbsp;monatlich f\u00fcr 10 Jahr<br>Jeden Tag: 1 x 1.000 \u20ac&nbsp;monatlich f\u00fcr 10 Jahre<\/p>\n<\/blockquote>\n\n\n\n<p><strong><em>Geldgewinne<\/em><\/strong><\/p>\n\n\n\n<blockquote class=\"wp-block-quote\">\n<p>Jeden Monat: 1 x 250.000 \u20ac<br>Jede Woche: 1 x 50.000 \u20ac<br>Jeden Tag: 5.000 x 20 \u20ac<\/p>\n<\/blockquote>\n\n\n\n<h2 class=\"wp-block-heading\">RENTENJOKER PLUS<\/h2>\n\n\n\n<p>Mehr Sofort-Renten mit <strong>doppelter Laufzeit<\/strong> f\u00fcr nur 5\u20ac extra. <strong>Jeweils einmal eine Rente \u00fcber 1.000 \u20ac, 2.500 \u20ac und 5.000 \u20ac monatlich \u2013 f\u00fcr 20 Jahre<\/strong>.<\/p>\n\n\n\n<p>Au\u00dferdem gibt es in den gro\u00dfen OSTERGELD- und SOMMERGELD-Sonderziehung jeweils weitere\u00a0<strong>1000 x 1.000 \u20ac<\/strong>\u00a0zus\u00e4tzlich zu gewinnen!<\/p>\n\n\n<a href=\"https:\/\/lotterieservice.eu\/de\/kln\/rentenjoker\/\" class=\"contentBanner\" style=\"background-image: url('https:\/\/lotterieservice.eu\/wp-content\/uploads\/RentenJoker-banner-background.jpg');\">\n\t\t\t\t<div class=\"contentBanner__media\" style=\"background-image: url('https:\/\/lotterieservice.eu\/wp-content\/uploads\/RentenJoker-banner-logo.png');\"><\/div>\n\t\t\t\t<div class=\"contentBanner__text\">\n\t\t\t\t\t<div class=\"contentBanner__title\">RentenJoker<\/div>\n\t\t\t\t\t<div class=\"contentBanner__price\">5.000 \u20ac<\/div>\n\t\t\t\t\t<div class=\"contentBanner__description\">RENTE 10 JAHRE<\/div>\n\t\t\t\t<\/div>\n\t\t\t<\/a>","protected":false},"excerpt":{"rendered":"<p>Mehr Chancen mehr Millionengewinne Pro Jahr starten nur zwei KLN-Spiele<\/p>\n","protected":false},"author":1,"featured_media":211,"parent":26,"menu_order":0,"comment_status":"closed","ping_status":"closed","template":"","meta":{"footnotes":""},"_links":{"self":[{"href":"https:\/\/lotterieservice.eu\/de\/wp-json\/wp\/v2\/pages\/29"}],"collection":[{"href":"https:\/\/lotterieservice.eu\/de\/wp-json\/wp\/v2\/pages"}],"about":[{"href":"https:\/\/lotterieservice.eu\/de\/wp-json\/wp\/v2\/types\/page"}],"author":[{"embeddable":true,"href":"https:\/\/lotterieservice.eu\/de\/wp-json\/wp\/v2\/users\/1"}],"replies":[{"embeddable":true,"href":"https:\/\/lotterieservice.eu\/de\/wp-json\/wp\/v2\/comments?post=29"}],"version-history":[{"count":18,"href":"https:\/\/lotterieservice.eu\/de\/wp-json\/wp\/v2\/pages\/29\/revisions"}],"predecessor-version":[{"id":1766,"href":"https:\/\/lotterieservice.eu\/de\/wp-json\/wp\/v2\/pages\/29\/revisions\/1766"}],"up":[{"embeddable":true,"href":"https:\/\/lotterieservice.eu\/de\/wp-json\/wp\/v2\/pages\/26"}],"wp:featuredmedia":[{"embeddable":true,"href":"https:\/\/lotterieservice.eu\/de\/wp-json\/wp\/v2\/media\/211"}],"wp:attachment":[{"href":"https:\/\/lotterieservice.eu\/de\/wp-json\/wp\/v2\/media?parent=29"}],"curies":[{"name":"wp","href":"https:\/\/api.w.org\/{rel}","templated":true}]}}