{"id":44,"date":"2019-09-23T20:30:31","date_gmt":"2019-09-23T20:30:31","guid":{"rendered":"https:\/\/qa.lotterieservice.eu\/?page_id=44"},"modified":"2023-09-15T12:53:11","modified_gmt":"2023-09-15T12:53:11","slug":"millionenjoker","status":"publish","type":"page","link":"https:\/\/lotterieservice.eu\/de\/kln\/millionenjoker\/","title":{"rendered":"MillionenJoker"},"content":{"rendered":"\n<h1 class=\"wp-block-heading preheading\">MillionenJoker<\/h1>\n\n\n\n<p>Der&nbsp;MillionenJoker ist eine Spielerg\u00e4nzung&nbsp;zum&nbsp;KLN-Hauptspiel. Beim erstmaligen Erwerb eines Hauptspielloses k\u00f6nnen Sie bestimmen, ob Sie sich daran beteiligen m\u00f6chten. Diese Entscheidung bleibt w\u00e4hrend der Dauer der Lotterie verbindlich. Die Beteiligung am MillionenJoker wird auf dem Los vermerkt.&nbsp;Diese vorteilhafte Spielerg\u00e4nzung erh\u00f6ht die Gesamtanzahl der Gewinne von \u00fcber 1 Million \u20ac von 195 auf exakt 500 Millionengewinne pro Lotterie. Aufgrund der hervorragenden Gewinnchancen-Maximierung auf Millionengewinne wird der MillionenJoker regelm\u00e4\u00dfig direkt bei der Losbestellung mitaktiviert.<\/p>\n\n\n\n<p>Mit der Teilnahme am MillionenJoker&nbsp;haben Sie pro Los 305 zus\u00e4tzliche Chancen auf einen Gewinn in H\u00f6he von 1 Million Euro.<\/p>\n\n\n\n            <section class=\"contentFigure contentFigure--grid contentFigure--green \">\n            \t<div class=\"contentFigure__title\">305 \u00d7 1 Million \u20ac<\/div>\n\n            \t<div class=\"contentFigure__list\">\n            \t\t\n\t\t\t\t\t<div class=\"contentFigure__item contentFigureItem\">\n\t\t\t\t\t\t<div class=\"contentFigureItem__inner\">\n\t\t\t\t\t\t\t<span class=\"contentFigureItem__date\"><span>6. Oktober 2023<\/span><span><\/span><\/span>\n\n\t\t\t\t\t\t\t<span class=\"contentFigureItem__win\">20 \u00d7 1 Million \u20ac<\/span>\n\t\t\t\t\t\t<\/div>\n\t\t\t\t\t<\/div>\n\n\t\t\t\t\t<div class=\"contentFigure__item contentFigureItem\">\n\t\t\t\t\t\t<div class=\"contentFigureItem__inner\">\n\t\t\t\t\t\t\t<span class=\"contentFigureItem__date\"><span>3. November 2023<\/span><span><\/span><\/span>\n\n\t\t\t\t\t\t\t<span class=\"contentFigureItem__win\">25 \u00d7 1 Million \u20ac<\/span>\n\t\t\t\t\t\t<\/div>\n\t\t\t\t\t<\/div>\n\n\t\t\t\t\t<div class=\"contentFigure__item contentFigureItem\">\n\t\t\t\t\t\t<div class=\"contentFigureItem__inner\">\n\t\t\t\t\t\t\t<span class=\"contentFigureItem__date\"><span>1. Dezember 2023<\/span><span><\/span><\/span>\n\n\t\t\t\t\t\t\t<span class=\"contentFigureItem__win\">40 \u00d7 1 Million \u20ac<\/span>\n\t\t\t\t\t\t<\/div>\n\t\t\t\t\t<\/div>\n\n\t\t\t\t\t<div class=\"contentFigure__item contentFigureItem\">\n\t\t\t\t\t\t<div class=\"contentFigureItem__inner\">\n\t\t\t\t\t\t\t<span class=\"contentFigureItem__date\"><span>5. Januar 2023<\/span><span><\/span><\/span>\n\n\t\t\t\t\t\t\t<span class=\"contentFigureItem__win\">50 \u00d7 1 Million \u20ac<\/span>\n\t\t\t\t\t\t<\/div>\n\t\t\t\t\t<\/div>\n\n\t\t\t\t\t<div class=\"contentFigure__item contentFigureItem\">\n\t\t\t\t\t\t<div class=\"contentFigureItem__inner\">\n\t\t\t\t\t\t\t<span class=\"contentFigureItem__date\"><span>2. Februar 2024<\/span><span><\/span><\/span>\n\n\t\t\t\t\t\t\t<span class=\"contentFigureItem__win\">70 \u00d7 1 Million \u20ac<\/span>\n\t\t\t\t\t\t<\/div>\n\t\t\t\t\t<\/div>\n\n\t\t\t\t\t<div class=\"contentFigure__item contentFigureItem\">\n\t\t\t\t\t\t<div class=\"contentFigureItem__inner\">\n\t\t\t\t\t\t\t<span class=\"contentFigureItem__date\"><span>1. M\u00e4rz 2024<\/span><span><\/span><\/span>\n\n\t\t\t\t\t\t\t<span class=\"contentFigureItem__win\">100 \u00d7 1 Million \u20ac<\/span>\n\t\t\t\t\t\t<\/div>\n\t\t\t\t\t<\/div>\n\n            \t<\/div>\n            <\/section>\n\t\t\t\n\n\n<p>Dies entspricht einem Gesamtvolumen von insgesamt 305 Zusatzchancen auf einen Gewinn in H\u00f6he von 1 Million Euro.<\/p>\n\n\n\n<p>Die Teilnahme am MillionenJoker kostet je Klasse 1,75 Euro f\u00fcr ein Sechzehntellos, 3,50 Euro f\u00fcr ein Achtellos, 7 Euro f\u00fcr ein Viertellos, 14 Euro f\u00fcr ein halbes Los und 28 Euro f\u00fcr ein ganzes Los.<\/p>\n\n\n<a href=\"https:\/\/lotterieservice.eu\/de\/kln\/spiel\/\" class=\"contentBanner\" style=\"background-image: url('https:\/\/lotterieservice.eu\/wp-content\/uploads\/KLN-banner-background.jpg');\">\n\t\t\t\t<div class=\"contentBanner__media\" style=\"background-image: url('https:\/\/lotterieservice.eu\/wp-content\/uploads\/KLN-logo.svg');\"><\/div>\n\t\t\t\t<div class=\"contentBanner__text\">\n\t\t\t\t\t<div class=\"contentBanner__title\">KLN<\/div>\n\t\t\t\t\t<div class=\"contentBanner__price contentBanner__price--medium\">1 MIO. \u20ac <\/div>\n\t\t\t\t\t<div class=\"contentBanner__description\">Jeden Tag Zu gewinnen<\/div>\n\t\t\t\t<\/div>\n\t\t\t<\/a>","protected":false},"excerpt":{"rendered":"<p>MillionenJoker Der&nbsp;MillionenJoker ist eine Spielerg\u00e4nzung&nbsp;zum&nbsp;KLN-Hauptspiel. Beim erstmaligen Erwerb eines Hauptspielloses<\/p>\n","protected":false},"author":1,"featured_media":46,"parent":26,"menu_order":0,"comment_status":"closed","ping_status":"closed","template":"","meta":{"footnotes":""},"_links":{"self":[{"href":"https:\/\/lotterieservice.eu\/de\/wp-json\/wp\/v2\/pages\/44"}],"collection":[{"href":"https:\/\/lotterieservice.eu\/de\/wp-json\/wp\/v2\/pages"}],"about":[{"href":"https:\/\/lotterieservice.eu\/de\/wp-json\/wp\/v2\/types\/page"}],"author":[{"embeddable":true,"href":"https:\/\/lotterieservice.eu\/de\/wp-json\/wp\/v2\/users\/1"}],"replies":[{"embeddable":true,"href":"https:\/\/lotterieservice.eu\/de\/wp-json\/wp\/v2\/comments?post=44"}],"version-history":[{"count":12,"href":"https:\/\/lotterieservice.eu\/de\/wp-json\/wp\/v2\/pages\/44\/revisions"}],"predecessor-version":[{"id":1651,"href":"https:\/\/lotterieservice.eu\/de\/wp-json\/wp\/v2\/pages\/44\/revisions\/1651"}],"up":[{"embeddable":true,"href":"https:\/\/lotterieservice.eu\/de\/wp-json\/wp\/v2\/pages\/26"}],"wp:featuredmedia":[{"embeddable":true,"href":"https:\/\/lotterieservice.eu\/de\/wp-json\/wp\/v2\/media\/46"}],"wp:attachment":[{"href":"https:\/\/lotterieservice.eu\/de\/wp-json\/wp\/v2\/media?parent=44"}],"curies":[{"name":"wp","href":"https:\/\/api.w.org\/{rel}","templated":true}]}}