{"id":45,"date":"2019-09-23T20:34:27","date_gmt":"2019-09-23T20:34:27","guid":{"rendered":"https:\/\/qa.lotterieservice.eu\/?page_id=45"},"modified":"2024-08-29T14:42:33","modified_gmt":"2024-08-29T14:42:33","slug":"rentenjoker","status":"publish","type":"page","link":"https:\/\/lotterieservice.eu\/de\/kln\/rentenjoker\/","title":{"rendered":"RentenJoker"},"content":{"rendered":"\n<h1 class=\"wp-block-heading preheading Skip\">RentenJoker<\/h1>\n\n\n\n<p>Die sch\u00f6nsten Momente f\u00fcr die Rente! Jeden Monat 10-Jahres-Renten zu gewinnen:<\/p>\n\n\n\n            <section class=\"contentFigure contentFigure-- contentFigure--red \">\n            \t<div class=\"contentFigure__title\">40 x Monatlich 10 Jahre lang<\/div>\n\n            \t<div class=\"contentFigure__list\">\n            \t\t\n\t\t\t\t\t<div class=\"contentFigure__item contentFigureItem\">\n\t\t\t\t\t\t<div class=\"contentFigureItem__inner\">\n\t\t\t\t\t\t\t\n\t\t\t\t\t\t\t<span class=\"contentFigureItem__win\">3 \u00d7 5.000 \u20ac<\/span>\n\t\t\t\t\t\t<\/div>\n\t\t\t\t\t<\/div>\n\n\t\t\t\t\t<div class=\"contentFigure__item contentFigureItem\">\n\t\t\t\t\t\t<div class=\"contentFigureItem__inner\">\n\t\t\t\t\t\t\t\n\t\t\t\t\t\t\t<span class=\"contentFigureItem__win\">8 \u00d7 2.500 \u20ac<\/span>\n\t\t\t\t\t\t<\/div>\n\t\t\t\t\t<\/div>\n\n\t\t\t\t\t<div class=\"contentFigure__item contentFigureItem\">\n\t\t\t\t\t\t<div class=\"contentFigureItem__inner\">\n\t\t\t\t\t\t\t\n\t\t\t\t\t\t\t<span class=\"contentFigureItem__win\">30 \u00d7 1.000 \u20ac<\/span>\n\t\t\t\t\t\t<\/div>\n\t\t\t\t\t<\/div>\n\n            \t<\/div>\n            <\/section>\n\t\t\t\n\n\n            <section class=\"contentFigure contentFigure-- contentFigure--red \">\n            \t<div class=\"contentFigure__title\">Sonderziehung in KLN. 151<\/div>\n\n            \t<div class=\"contentFigure__list\">\n            \t\t\n\t\t\t\t\t<div class=\"contentFigure__item contentFigureItem\">\n\t\t\t\t\t\t<div class=\"contentFigureItem__inner\">\n\t\t\t\t\t\t\t<span class=\"contentFigureItem__date\"><span><strong><strong><strong>HERBSTGELD<\/strong>-Sonderziehung<\/strong><\/strong><\/span><span>15. Oktober 2024<\/span><\/span>\n\n\t\t\t\t\t\t\t<span class=\"contentFigureItem__win\">1.000 \u00d7 1.000 \u20ac<\/span>\n\t\t\t\t\t\t<\/div>\n\t\t\t\t\t<\/div>\n\n\t\t\t\t\t<div class=\"contentFigure__item contentFigureItem\">\n\t\t\t\t\t\t<div class=\"contentFigureItem__inner\">\n\t\t\t\t\t\t\t<span class=\"contentFigureItem__date\"><span><strong><strong><strong>WEIHNACHTSGELD-Sonderziehung<\/strong><\/strong><\/strong><\/span><span>15. Dezember 2024<\/span><\/span>\n\n\t\t\t\t\t\t\t<span class=\"contentFigureItem__win\">1.000 \u00d7 1.000 \u20ac <\/span>\n\t\t\t\t\t\t<\/div>\n\t\t\t\t\t<\/div>\n\n            \t<\/div>\n            <\/section>\n\t\t\t\n\n\n<p class=\"has-text-align-left\"><strong><strong>Mehr als 40 x 10-Jahres-Renten und \u00fcber 150.000 Geldgewinne&nbsp;jeden Monat:<\/strong><\/strong><\/p>\n\n\n\n<p><strong><em>Rentengewinne<\/em><\/strong><\/p>\n\n\n\n<blockquote class=\"wp-block-quote\">\n<p>Jeden Tag 1 x 1.000 \u20ac monatlich f\u00fcr 10 Jahre<br>Jede Woche 2 x 2.500 \u20ac monatlich f\u00fcr 10 Jahre<br>Jeden Monat 3 x 5.000 \u20ac monatlich f\u00fcr 10 Jahre<\/p>\n<\/blockquote>\n\n\n\n<p><strong><em>Geldgewinne<\/em><\/strong><\/p>\n\n\n\n<blockquote class=\"wp-block-quote\">\n<p>Jeden Tag 5.000 x 20 \u20ac<br>Jede Woche 1 x 50.000 \u20ac<br>Jeden Monat 1 x 250.000 \u20ac&nbsp;<\/p>\n<\/blockquote>\n\n\n\n<h1 class=\"wp-block-heading\">RENTENJOKER PLUS<\/h1>\n\n\n\n<p>Mehr Sofort-Renten mit doppelter Laufzeit f\u00fcr 5 \u20ac extra.<\/p>\n\n\n\n            <section class=\"contentFigure contentFigure-- contentFigure--red \">\n            \t<div class=\"contentFigure__title\">3 x Monatlich 20 Jahre lang<\/div>\n\n            \t<div class=\"contentFigure__list\">\n            \t\t\n\t\t\t\t\t<div class=\"contentFigure__item contentFigureItem\">\n\t\t\t\t\t\t<div class=\"contentFigureItem__inner\">\n\t\t\t\t\t\t\t\n\t\t\t\t\t\t\t<span class=\"contentFigureItem__win\">1\u00d7 1.000 \u20ac<\/span>\n\t\t\t\t\t\t<\/div>\n\t\t\t\t\t<\/div>\n\n\t\t\t\t\t<div class=\"contentFigure__item contentFigureItem\">\n\t\t\t\t\t\t<div class=\"contentFigureItem__inner\">\n\t\t\t\t\t\t\t\n\t\t\t\t\t\t\t<span class=\"contentFigureItem__win\">1 x 2.500 \u20ac<\/span>\n\t\t\t\t\t\t<\/div>\n\t\t\t\t\t<\/div>\n\n\t\t\t\t\t<div class=\"contentFigure__item contentFigureItem\">\n\t\t\t\t\t\t<div class=\"contentFigureItem__inner\">\n\t\t\t\t\t\t\t\n\t\t\t\t\t\t\t<span class=\"contentFigureItem__win\">1 x 5.000 \u20ac<\/span>\n\t\t\t\t\t\t<\/div>\n\t\t\t\t\t<\/div>\n\n            \t<\/div>\n            <\/section>\n\t\t\t\n\n\n            <section class=\"contentFigure contentFigure-- contentFigure--red \">\n            \t<div class=\"contentFigure__title\">Sonderziehung in KLN. 153<\/div>\n\n            \t<div class=\"contentFigure__list\">\n            \t\t\n\t\t\t\t\t<div class=\"contentFigure__item contentFigureItem\">\n\t\t\t\t\t\t<div class=\"contentFigureItem__inner\">\n\t\t\t\t\t\t\t<span class=\"contentFigureItem__date\"><span><strong><strong><strong>WEIHNACHTSGELD-Sonderziehung<\/strong><\/strong><\/strong><\/span><span>15. Dezember 2024<\/span><\/span>\n\n\t\t\t\t\t\t\t<span class=\"contentFigureItem__win\">1.000 \u00d7 2.000 \u20ac  <em>nur f\u00fcr RentenJokerPLUS<\/em><\/span>\n\t\t\t\t\t\t<\/div>\n\t\t\t\t\t<\/div>\n\n            \t<\/div>\n            <\/section>\n\t\t\t\n\n\n<p>Mehr Sofort-Renten mit doppelter Laufzeit f\u00fcr 5\u20ac extra. Jeweils einmal eine Rente \u00fcber 1.000 \u20ac, 2.500 \u20ac und 5.000 \u20ac monatlich \u2013 f\u00fcr <strong>20 Jahre. <\/strong><\/p>\n\n\n\n<p>Eine Rente<strong> Monat f\u00fcr Monat<\/strong>&nbsp;ohne Bedingungen? Diesen Traum kann Ihnen der RentenJoker erf\u00fcllen.<br><br>Jeden Monat werden mehr als&nbsp;<strong>40 Sofort-Renten<\/strong>&nbsp;und \u00fcber&nbsp;<strong>150.000 Geldgewinne<\/strong>&nbsp;verlost! Mit einem Los des RentenJokers spielen Sie um&nbsp;<strong>10-Jahres-Renten<\/strong>, mit einem Los des RentenJoker PLUS sogar um die doppelte Laufzeit, die <strong>20-Jahres-Renten<\/strong>. <br><br>Ein RentenJoker-Los kostet pro Monat\/Runde nur 5 Euro. Die Chance innerhalb von einem Monat\/Runde eine monatliche Rente in H\u00f6he von 5.000 \u20ac \u00fcber 10 Jahre zu gewinnen, betr\u00e4gt 1 : 1.666.667. <br><br>Ein RentenJoker PLUS-Los kostet pro Monat\/Runde nur 10 Euro. Die Chance innerhalb von 1 Monaten\/Runden eine monatliche Rente in H\u00f6he von 5.000 \u00fcber 20 Jahre zu gewinnen, betr\u00e4gt 1 : 5.000.000. &nbsp; &nbsp; <br><br>\u00dcber zus\u00e4tzliche Lose kann die Gewinnchance weiter gesteigert werden. Der Ein-\/Ausstieg ist jederzeit monatlich m\u00f6glich. Flexibilit\u00e4t zahlt sich also aus!&nbsp;<\/p>\n","protected":false},"excerpt":{"rendered":"<p>RentenJoker Die sch\u00f6nsten Momente f\u00fcr die Rente! Jeden Monat 10-Jahres-Renten<\/p>\n","protected":false},"author":1,"featured_media":49,"parent":26,"menu_order":0,"comment_status":"closed","ping_status":"closed","template":"","meta":{"footnotes":""},"_links":{"self":[{"href":"https:\/\/lotterieservice.eu\/de\/wp-json\/wp\/v2\/pages\/45"}],"collection":[{"href":"https:\/\/lotterieservice.eu\/de\/wp-json\/wp\/v2\/pages"}],"about":[{"href":"https:\/\/lotterieservice.eu\/de\/wp-json\/wp\/v2\/types\/page"}],"author":[{"embeddable":true,"href":"https:\/\/lotterieservice.eu\/de\/wp-json\/wp\/v2\/users\/1"}],"replies":[{"embeddable":true,"href":"https:\/\/lotterieservice.eu\/de\/wp-json\/wp\/v2\/comments?post=45"}],"version-history":[{"count":13,"href":"https:\/\/lotterieservice.eu\/de\/wp-json\/wp\/v2\/pages\/45\/revisions"}],"predecessor-version":[{"id":1710,"href":"https:\/\/lotterieservice.eu\/de\/wp-json\/wp\/v2\/pages\/45\/revisions\/1710"}],"up":[{"embeddable":true,"href":"https:\/\/lotterieservice.eu\/de\/wp-json\/wp\/v2\/pages\/26"}],"wp:featuredmedia":[{"embeddable":true,"href":"https:\/\/lotterieservice.eu\/de\/wp-json\/wp\/v2\/media\/49"}],"wp:attachment":[{"href":"https:\/\/lotterieservice.eu\/de\/wp-json\/wp\/v2\/media?parent=45"}],"curies":[{"name":"wp","href":"https:\/\/api.w.org\/{rel}","templated":true}]}}