{"id":67,"date":"2019-09-23T20:51:19","date_gmt":"2019-09-23T20:51:19","guid":{"rendered":"https:\/\/qa.lotterieservice.eu\/?page_id=67"},"modified":"2019-09-23T20:51:19","modified_gmt":"2019-09-23T20:51:19","slug":"agb","status":"publish","type":"page","link":"https:\/\/lotterieservice.eu\/de\/kln\/agb\/","title":{"rendered":"AGB"},"content":{"rendered":"\n<p>SPIELBEDINGUNGEN \u201e142. KlassenLotterieNord \u201c vom 1. April\n2019 bis zum 30. September 2019<\/p>\n\n\n\n<h2 class=\"wp-block-heading\">Teil 1: Hauptspiel mit Spielerg\u00e4nzung MillionenJoker<\/h2>\n\n\n\n<h3 class=\"wp-block-heading\">\u00a7 1 Veranstalter<\/h3>\n\n\n\n<p>Das Spiel \u201e142. KlassenLotterieNord \u201c (im Folgenden \u201eKLN-Spiel\u201c) wird von EU Lotto Ltd veranstaltet. EU Lotto ist ein staatlich lizenzierter Buchmacher mit Sitz in Gibraltar (EU), dessen Hauptgesch\u00e4ft die Annahme von Wetten auf den Ausgang von Lotterien ist. EU Lotto h\u00e4lt u.a. eine Gl\u00fccksspiellizenz ausgestellt von der gibraltarischen Regierung (Lizenz Nr. RGL 066). EU Lotto vermittelt keine Spielscheine staatlicher Lotterien, sondern veranstaltet Wetten auf den Ausgang von Lotterien. Eine Wette auf den Ausgang von folgenden Lotterien wird im Folgenden als \u201eLos\u201c bezeichnet:<br>\u2022 142. NKL-Lotterie, veranstaltet von der GKL (Gemeinsame Klassenlotterie der L\u00e4nder mit Sitz in Hamburg und M\u00fcnchen), im Folgenden \u201eNKL-Basislotterie\u201c<br>\u2022 Spielerg\u00e4nzung Millionen-Joker, veranstaltet von der GKL (Gemeinsame Klassenlotterie der L\u00e4nder mit Sitz in Hamburg und M\u00fcnchen), im Folgenden \u201eMillionen-Joker-Basislotterie\u201c<br>\u2022 Renten-Joker, veranstaltet von der GKL (Gemeinsame Klassenlotterie der L\u00e4nder mit Sitz in Hamburg und M\u00fcnchen), im folgenden \u201eRenten-Joker-Basislotterie\u201c<\/p>\n\n\n\n<h3 class=\"wp-block-heading\">\u00a7 2 Teilnahmevoraussetzungen<\/h3>\n\n\n\n<p>(1) Die Teilnahme von Minderj\u00e4hrigen an Gl\u00fccksspielen ist nach dem Gesetz nicht zul\u00e4ssig. Aus diesem Grunde hat der Spielinteressent wahrheitsgem\u00e4\u00df seinen Namen, sein Geburtsdatum und seine Adresse anzugeben.<\/p>\n\n\n\n<p>(2) EU Lotto und ihre Dienstleister sind gesetzlich verpflichtet, die Altersangabe des Spielinteressenten zu \u00fcberpr\u00fcfen. Zu dieser Vollj\u00e4hrigkeitspr\u00fcfung werden anerkannte Verfahren eingesetzt; die dazu jeweils ben\u00f6tigten Daten werden an Dritte weitergegeben. Zu diesem Zweck werden der Name, das Geburtsdatum und die Adresse des Spielinteressenten \u00fcbermittelt. Eine Bonit\u00e4tspr\u00fcfung und eine weitere \u00dcbermittlung personenbezogener Daten finden nicht statt. Die Anfrage wird zum Zweck der Abrechnung mit EU Lotto und gegebe-nenfalls den Melderegistern f\u00fcr den daf\u00fcr erforderlichen Zeitraum gespeichert.<\/p>\n\n\n\n<p>(3) Kann die Vollj\u00e4hrigkeit nicht mit einem Verfahren gem\u00e4\u00df Abs. 2 best\u00e4tigt werden, wird der Spielinteressent hier\u00fcber unverz\u00fcglich informiert. Der Spielinteressent kann dann den Nachweis seiner Vollj\u00e4hrigkeit auf andere geeignete Weise erbringen.<\/p>\n\n\n\n<p>(4) Sofern zur Anbahnung und zum Abschluss des Vertrags ein pers\u00f6nlicher Kontakt mit Mitarbeitern des Dienstleisters erfolgt, sind diese zur Sicherstellung des Teilnahmeverbots M<\/p>\n\n\n\n<h3 class=\"wp-block-heading\">\u00a7 3 Organisation<\/h3>\n\n\n\n<p>(1) Das 142. KLN &#8211; Spiel wird gem\u00e4\u00df dem Gewinnplan \u00fcber einen Zeitraum von 6 Monaten in 6 Klassen von jeweils einem Monat durchgef\u00fchrt.<\/p>\n\n\n\n<p>(2) Es werden 3.000.000 Lose aufgelegt. Auf diese Lose fallen insgesamt 2.129.430 Geldgewinne (einschlie\u00dflich 300 monatlicher Extra-Einkommen f\u00fcr ein Jahr), bis zu 6 weitere Geldgewinne in den Jackpot-Ziehungen , 10.000 Goldgewinne, 1.001 Sachgewinne (335 Autos, 350 Reisen, 15 H\u00e4user und 300 Kreuzfahrten und eine Insel in derSommerziehung).<\/p>\n\n\n\n<p>(3) Zu jeder Klasse werden ganze Lose (1\/1), halbe Lose (1\/2), Viertellose (1\/4), Achtellose (1\/8) und Sechzehntellose (1\/16) ausgegeben. Jedes Los tr\u00e4gt eine 7-stellige Nummer zwischen 0.000.001 und 3.000.000 sowie einen Buchstaben, und zwar beim 1\/1-Los: A; beim 1\/2-Los: A oder B; beim 1\/4-Los: A, B, C oder D; beim 1\/8-Los: A, B, C, D, E, F, G oder H; beim 1\/16-Los: A, B, C, D, E, F, G, H, I, J, K, L, M, N, O oder P.<\/p>\n\n\n\n<p>(4) Die Gewinnsumme betr\u00e4gt insgesamt 1.430.700.000 \u20ac; davon entfallen 1.364.860.000 \u20ac auf Geldgewinne , 30.000.000 \u20ac auf Goldgewinne und 35.840.000 \u20ac auf Sachgewinne. Die planm\u00e4\u00dfige Gewinnaussch\u00fcttungsquote betr\u00e4gt bei einer Teilnahme \u00fcber alle 6 Klassen 49,68 %.<\/p>\n\n\n\n<h3 class=\"wp-block-heading\">\u00a7 4 Spieleinsatz<\/h3>\n\n\n\n<p>(1) Der Lospreis betr\u00e4gt je Klasse 160,00 \u20ac f\u00fcr ein ganzes Los, 80,00 \u20ac f\u00fcr ein halbes Los, 40,00 \u20ac f\u00fcr ein Viertellos, 20,00 \u20ac f\u00fcr ein Achtellos, 10,00 \u20ac f\u00fcr ein Sechzehntellos.<\/p>\n\n\n\n<p>(2) Erwirbt ein Spielteilnehmer im Laufe des 142. KLN-Spiels ein bisher von ihm nicht gespieltes Los oder nimmt der Spielteilnehmer nach einer Unterbrechung zu einer nachfolgenden Klasse die Spielteilnahme wieder auf, so ist der Lospreis auch f\u00fcr die vorhergehenden noch nicht bezahlten Klassen zu zahlen.<\/p>\n\n\n\n<p>(3) Kosten f\u00fcr Gewinnlisten einschlie\u00dflich Porto gehen zu Lasten des Spielteilnehmers.<\/p>\n\n\n\n<h3 class=\"wp-block-heading\">\u00a7 5 Losvertrieb und Spielteilnehmerverzeichnis<\/h3>\n\n\n\n<p>(1) Die Lose werden von Dienstleistern im Namen und f\u00fcr Rechnung der EU Lotto vertrieben.<\/p>\n\n\n\n<p>(2) Die Angaben des Spielteilnehmers gem\u00e4\u00df \u00a7 2 Abs. 1 sowie seine Bankverbindung und das ihm zugeteilte Los mit Nummer und Buchstabe werden vom Dienstleister in einem Verzeichnis registriert.<\/p>\n\n\n\n<p>(3) Der Spielteilnehmer hat dem Dienstleister \u00c4nderungen seines Namens, seiner Adresse oder seiner Bankverbindung unverz\u00fcglich mitzuteilen. Sch\u00e4den, die auf einer schuldhaften Verletzung dieser Pflicht beruhen, hat der Spielteilnehmer zu tragen. \u00a7 12 Abs. 3 gilt bei Sch\u00e4den des Spielteilnehmers entsprechend.<\/p>\n\n\n\n<p>(4) \u00dcber das bestellte Los ist der Dienstleister berechtigt, ein Los-Zertifikat auszustellen und es dem Spielteilnehmer zuzusenden. Das Los-Zertifikat kann f\u00fcr mehrere Klassen und f\u00fcr mehrere Losnummern ausgestellt werden. F\u00fcr Los-Zertifikate gelten diese Spielbedingungen entsprechend.<\/p>\n\n\n\n<p>(5) Lose k\u00f6nnen vorbehaltlich der gl\u00fccksspielrechtlichen Erlaubnis als \u201evirtuelle Lose\u201c vertrieben werden. Die Losnummern und Buchstaben sind dann nur in der Datenbank von EU Lotto gespeichert, werden dem Spielteilnehmer aber formlos mitgeteilt.<\/p>\n\n\n\n<p>(6) Ein Anspruch auf Spielteilnahme mit einer bestimmten Losnummer zu einer Klasse besteht nicht. EU Lotto ist aber bei Losnummernw\u00fcnschen vermittelnd behilflich.<\/p>\n\n\n\n<p>(7) Bei Fernabsatzvertr\u00e4gen besteht kein Widerrufsrecht.<\/p>\n\n\n\n<h3 class=\"wp-block-heading\">\u00a7 6 Losbezahlung und Spielvertrag<\/h3>\n\n\n\n<p>(1) Der Spielvertrag kommt zwischen EU Lotto und dem Spielteilnehmer gem\u00e4\u00df den folgenden Abs\u00e4tzen mit Bezahlung des Lospreises und Speicherung der Transaktion zustande. <\/p>\n\n\n\n<p>(2) Zur gewinnberechtigten Spielteilnahme an allen Ziehungen einer Klasse muss a) der Lospreis rechtzeitig (Abs. 3) und in voller H\u00f6he (Abs. 5 und Abs. 6) bezahlt werden, und zwar je nach Anforderung des Dienstleisters auf ein Konto von EU Lotto oder des Dienstleisters, und b) die Transaktion in der Datenbank von EU Lotto vor Beginn der 1. Ziehung dieser Klasse gespeichert sein.<\/p>\n\n\n\n<p>(3) Rechtzeitig bezahlt ist der Lospreis, wenn bis sp\u00e4testens mit Ablauf des vorletzten Werktages (ohne Samstage) vor Beginn einer Klasse a) der Lospreis bar, per Postanweisung oder per \u00dcberweisung in die Verf\u00fcgungsmacht von EU Lotto bzw. des Dienstleisters gelangt ist und EU Lotto bzw. der Dienstleister davon Kenntnis erlangen konnte, b) ein Scheck \u00fcber den Lospreis dem Dienstleister vorliegt und die Einl\u00f6sung des Schecks nicht scheitert aus Gr\u00fcnden, die der Spiel- teilnehmer zu vertreten hat, c) EU Lotto bzw. der Dienstleister zum Einzug des Lospreises von einem der Verf\u00fcgungsmacht des Spielteilnehmers unterliegenden Konto erm\u00e4chtigt wird und der Einzug des Lospreises nicht scheitert oder sich verz\u00f6gert aus Gr\u00fcnden, die der Spielteilnehmer zu vertreten hat, oder die Gutschrift r\u00fcckg\u00e4ngig gemacht wird, weil der Spielteilnehmer dem Einzug nachtr\u00e4glich widerspricht. F\u00fcr Kreditkarten gilt diese Bestimmung entsprechend.<\/p>\n\n\n\n<p>(4) Nach dem in Abs. 3 genannten Zeitpunkt beginnt die gewinnberechtigte Spielteilnahme ab ab dem Tage der n\u00e4chstfolgenden Hauptziehung oder der n\u00e4chstfolgenden Gro\u00dfen Hauptziehung oder des Millionen-Finales oder der Jackpot-Ziehung der 6. Klasse, wenn der Lospreis bis sp\u00e4testens mit Ablauf des vorletzten Werktages (ohne Samstage) vor dieser Ziehung bezahlt wurde.<\/p>\n\n\n\n<p>(5) Bei unvollst\u00e4ndiger Lospreiszahlung verwahrt EU Lotto bzw. der Dienstleister den Teil des gezahlten Betrages, der f\u00fcr die Verrechnung mit einer Losnummer nicht ausreicht. Wird der Lospreis sp\u00e4ter vollst\u00e4ndig gezahlt, gilt Abs. 4 entsprechend. Ansonsten kann der Betrag auf nachfolgende Losbestellungen verrechnet werden oder er wird nach Anforderung des Spielteilnehmers von EU Lotto bzw. durch den Dienstleister zur\u00fcckgezahlt.<\/p>\n\n\n\n<p>(6) Erfolgt die Zahlung des Spieleinsatzes im SEPA-Lastschriftverfahren, verk\u00fcrzt sich die Frist f\u00fcr die Vorabank\u00fcndigung (Pre-Notification) auf einen Werktag (ohne Samstage). Die Vorabank\u00fcndigung \u00fcber den Bankeinzug des Spieleinsatzes erfolgt per Brief oder per E-Mail.<\/p>\n\n\n\n<p>(7) Soll mit mehreren Losnummern am Spiel teilgenommen werden und wird nicht der Gesamtpreis der Lose bezahlt, so wird der gezahlte Betrag in folgender Rangfolge verrechnet: a) auf ganze Lose, b) auf halbe Lose, c) auf Viertellose, d) auf Achtellose, e) auf Sechzehntellose, soweit der gezahlte Betrag daf\u00fcr ausreicht und der Spielteilnehmer keine andere Bestimmung getroffen hat. Bei mehreren Losnummern gleicher Losteilung wird der gezahlte Betrag jeweils auf die Lose mit den niedrigsten Losnummern verrechnet. \u00a7 13 Abs. 4 und \u00a7 3 Abs. 2 in Teil 2 dieser Spielbedingungen bleiben unber\u00fchrt. Im \u00dcbrigen findet Abs. 5 Anwendung.<\/p>\n\n\n\n<h3 class=\"wp-block-heading\">\u00a7 7 Spielfortsetzung, -beendigung und -\u00fcbertragung<\/h3>\n\n\n\n<p>(1) Jedes Los gilt nur f\u00fcr die Klasse, auf die es lautet. Zur Fortsetzung der Spielbeteiligung wird der Dienstleister, der das Los f\u00fcr die Vorklasse geliefert hat, dem Spielteilnehmer ein Los mit derselben Nummer und demselben Buchstaben f\u00fcr die folgende Klasse (Erneuerungslos) anbieten. Der Spielteilnehmer ist zur Abnahme des Erneuerungsloses nicht verpflichtet.<\/p>\n\n\n\n<p>(2) Kann die Spielteilnahme mit einem Erneuerungslos trotz rechtzeitiger Bezahlung des Lospreises nicht erm\u00f6glicht und kann deswegen die Spielbeteiligung mit der bisherigen Losnummer nicht fortgesetzt werden, hat der Spielteilnehmer Anspruch auf die unentgeltliche Spielteilnahme mit der doppelten Anzahl der ihm zustehenden Lose mit anderen Nummern f\u00fcr alle folgenden Klassen. Es gelten die Haftungsregelungen des \u00a7 12 Abs. 1.<\/p>\n\n\n\n<p>(3) Der Dienstleister wird dem Spielteilnehmer der 6. Klasse grunds\u00e4tzlich Lose f\u00fcr die 1. Klasse des n\u00e4chsten KLN-Spieles anbieten, und zwar entsprechend den von ihm gespielten Losen, es sei denn, der Spielteilnehmer hat etwas anderes erkl\u00e4rt.<\/p>\n\n\n\n<p>(4) Die Spielteilnahme kann zum Ende jeder Klasse vom Spielteilnehmer beendet werden, und zwar auch dann, wenn der Spielteilnehmer ein Los-Zertifikat oder ein virtuelles Los (gem\u00e4\u00df \u00a7 5 Abs. 5) mit einem G\u00fcltigkeitszeitraum \u00fcber mehrere Klassen erhalten hat. Die Spielteilnahme kann vor jeder Klasse durch EU Lotto beendet werden, und zwar auch dann, wenn der Lospreis bereits bezahlt wurde. EU Lotto bzw. der entsprechende Dienstleister erstatten in diesem Fall den Lospreis.<\/p>\n\n\n\n<p>(5) Die \u00dcbertragung der Anspr\u00fcch<\/p>\n\n\n\n<h3 class=\"wp-block-heading\">\u00a7 8 Gewinnermittlung<\/h3>\n\n\n\n<p>(1) Bei Geldgewinnen zahlt EU Lotto dem Spielteilnehmer den gleichen Betrag, den der Spielteilnehmer erhalten h\u00e4tte, h\u00e4tte er mit der gleichen Losnummer und -teilung direkt an der NKL-Basislotterie teilgenommen.<\/p>\n\n\n\n<p>(2) Alle Ziehungen der NKL-Basislotterie finden unter amtlicher Aufsicht statt. Ziehungsorte und -zeitpunkte werden vorab festgelegt und auf Anfrage mitgeteilt.<\/p>\n\n\n\n<p>(3) Die Gewinnermittlung im KLN-Spiel erfolgt \u00fcber einen Abgleich der bei EU Lotto zur jeweiligen Ziehung gewinnberechtigt registierten Lose mit dem jeweiligen Ziehungsergebnissen der NKL-Basislotterie. Je nach Gewinnrang und Gewinnanzahl werden Gewinnlosnummern  durch 1-, 2-, 3-, 4-, 5- oder 7-stelliger Ziffern ausgewiesen. In Gewinnstufen ab 1.000.000 \u20ac und Gewinnstufen mit weniger als 30 Gewinnen sowie bei Sachgewinnen und bei den Extra-Einkommen werden in der NKL-Basislotterie 7-stellige Gewinnnummern gezogen. In allen anderen Gewinnstufen werden jeweils nur die Endziffern der Gewinnnummern gezogen. Bei Sachgewinnen und bei Extra-Einkommen werden zus\u00e4tzlich noch die Gewinnbuchstaben gezogen.<\/p>\n\n\n\n<p>(4) F\u00fcr die Jackpot-Ziehungen der 1. bis 5. Klasse wird in der NKL-Basislotterie  zun\u00e4chst jeweils eine Vorziehung durchgef\u00fchrt, bei der eine Ziffer aus den Ziffern 0 bis 2 gezogen wird. Wird in diesen Vorziehungen die Ziffer 0 gezogen, so wird direkt im Anschluss eine 7-stellige Gewinnnummer ermittelt. Wird eine der Ziffern 1 oder 2 gezogen, so wird der in der jeweiligen Jackpot-Ziehung zur Verlosung stehende Gewinn auf die Jackpot-Ziehung der Folgeklasse \u00fcbertragen und dem dort zur Verlosung stehenden Gewinn aufgeschlagen. In der 6. Klasse wird ohne Vorziehung eine 7-stellige Gewinnnummer ermittelt.<\/p>\n\n\n\n<h3 class=\"wp-block-heading\">\u00a7 9 Gewinnlose<\/h3>\n\n\n\n<p>(1) Losnummern des KLN-Spiels, die als Gewinnnummern ermittelt werden, bleiben im Spiel mit Ausnahme der als Gewinnnummern gezogenen Losnummern der 4 Gro\u00dfen Hauptziehungen der 6. Klasse; diese Losnummern scheiden vor dem Tage der n\u00e4chstfolgenden Gro\u00dfen Hauptziehung oder bei den in der 4. Gro\u00dfen Hauptziehung gezogenen Gewinnnummern vor dem Tage des Millionen-Finales aus dem KLN-Spiel aus.<\/p>\n\n\n\n<p>(2) Zur Fortsetzung des KLN-Spiels wird der Dienstleister dem Spielteilnehmer regelm\u00e4\u00dfig anbieten, mit einem Los mit einer noch im Spiel befindlichen Losnummer teilzunehmen (Anschlusslos).<\/p>\n\n\n\n<p>(3) Der Lospreis f\u00fcr ein Anschlusslos setzt sich zusammen aus dem Preis f\u00fcr die laufende Klasse und die Vorklassen.<\/p>\n\n\n\n<p>(4) Der Spielteilnehmer nimmt ab dem Tage der n\u00e4chstfolgenden Gro\u00dfen Hauptziehung bzw. des Millionen-Finales mit dem Anschlusslos an dem KLN-Spiel teil, wenn die Bezahlung des Lospreises gem\u00e4\u00df \u00a7 6 Abs. 2 und Abs. 3 vor dieser Ziehung erfolgt und gespeichert ist.<\/p>\n\n\n\n<h3 class=\"wp-block-heading\">\u00a7 10 Gewinnbekanntgabe<\/h3>\n\n\n\n<p>(1) Im Gewinnfalle erh\u00e4lt der Spielteilnehmer vom Dienstleister eine Gewinnbenachrichtigung. Dar\u00fcber hinaus werden die gezogenen Gewinnnummern und Gewinnbuchstaben des KLN-Spiels in der monatlichen Gewinnliste von EU Lotto bekannt gegeben, die beim Dienstleister eingesehen oder erworben werden kann. Die Ver\u00f6ffentlichungen von EU Lotto  (z.B. digitale Gewinnliste, Fernsehen, Videotext, Presse und Internet) sind ohne Gew\u00e4hr.<\/p>\n\n\n\n<p>(2) Die in den Ver\u00f6ffentlichungen genannten Geld- und Goldgewinne beziehen sich auf ganze Lose mit Ausnahme der Extra-Einkommen, die ungeteilt auf die jeweils 7-stellige Losnummer einschlie\u00dflich des gezogenen Buchstabens fallen. Der Spielteilnehmer erh\u00e4lt als Gewinn den entsprechenden Gewinnbetrag . Spielteilnehmer, die Losanteile erworben haben, erhalten entsprechende Anteile der Gewinne.<\/p>\n\n\n\n<h3 class=\"wp-block-heading\">\u00a7 11 Gewinnauszahlung<\/h3>\n\n\n\n<p>(1) Der auf ein Los entfallene Gewinn steht dem beim Dienstleister f\u00fcr dieses Los registrierten Spielteilnehmer zu.<\/p>\n\n\n\n<p>(2) Die im KLN-Gewinnplan ausgewiesenen Gewinnbetr\u00e4ge bis zu einem Betrag von 1.000.000 \u20ac werden dem Spielteilnehmer vom Dienstleister entweder unverz\u00fcglich ausbezahlt oder dem Spielteilnehmer auf seinem Kundenkonto gutgeschrieben und auf Wunsch mit dem Lospreis f\u00fcr nachfolgende Klassen sowie gegebe- nenfalls Anschlusslose (vgl. \u00a7 9 Abs. 2 und Abs. 3) verrechnet.<\/p>\n\n\n\n<p>(3) Geldgewinne bis zu einem Betrag von 1.000.000 \u20ac werden vom Dienstleister, Geldgewinne von mehr als 1.000.000 \u20ac sowie die Extra-Einkommen von EU Lotto ausgezahlt. Die Sachgewinne werden von EU Lotto in Abstimmung mit dem Gewinner beschafft und an diesen \u00fcbermittelt. Sach- und Goldgewinne k\u00f6nnen auf Wunsch von EU Lotto auch in bar ausbezahlt werden. Der Gewinnbetrag ist der im Gewinnplan des KLN-Spieles ausgewiesene Wert.<\/p>\n\n\n\n<p>(4) Zur Geltendmachung eines Gewinnanspruchs gen\u00fcgt die R\u00fccksendung der formellen Auszahlungsverf\u00fcgung, die der Gewinn- benachrichtigung beiliegt.<\/p>\n\n\n\n<p>(5) Gewinne sind in vielen L\u00e4ndern steuerfrei bzw. nicht steuerbar. Der Spielteilnehmer ist in erster Linie f\u00fcr die ordnungsgem\u00e4\u00dfe Zahlung von Steuern und Abgaben verantwortlich. F\u00fcr den Fall, dass EU Lotto in Bezug auf die Gewinne eines Spielteilnehmers irgendwelche Steuern, Geb\u00fchren oder Abgaben direkt an die Beh\u00f6rden eines Landes zu zahlen hat, sind EU Lotto und der Dienstleister berechtigt, diese vom Konto des Spielteilnehmers abzubuchen bzw. entsprechend vom Spielteilnehmer zu fordern.<\/p>\n\n\n\n<h3 class=\"wp-block-heading\">\u00a7 12 Haftung\/Beschwerdeverfahren<\/h3>\n\n\n\n<p>(1) EU Lotto haftet nicht f\u00fcr Sch\u00e4den, die auf ihrer grob fahrl\u00e4ssigen Pflichtverletzung oder einer vors\u00e4tzlichen oder fahrl\u00e4ssigen Verletzung von vorvertraglichen oder vertraglichen Verpflichtungen eines Dienstleisters oder eines sonstigen Erf\u00fcllungsgehilfen im Zusammenhang mit der Anbahnung oder dem Abschluss des Spielvertrages beruhen. Diese Regelung gilt entsprechend f\u00fcr Sch\u00e4den, die nach Zustandekommen des Spielvertrages durch Fehlfunktion von technischen Einrichtungen entstehen.<\/p>\n\n\n\n<p>(2) Im \u00dcbrigen haftet EU Lotto nur f\u00fcr Sch\u00e4den, die auf vors\u00e4tzlichen oder grob fahrl\u00e4ssigen Pflichtverletzungen EU Lotto, ihrer gesetzlichen Vertreter oder ihrer Erf\u00fcllungsgehilfen beruhen. Die Haftung f\u00fcr einfache Fahrl\u00e4ssigkeit ist ausgeschlossen, es sei denn, es wird eine Pflicht verletzt, deren Einhaltung f\u00fcr die Erreichung des Vertragszwecks von besonderer Bedeutung ist (Kardinalpflicht). Der Begriff der Kardinalpflicht beschreibt abstrakt solche Pflichten, deren Erf\u00fcllung die ordnungsgem\u00e4\u00dfe Durchf\u00fchrung des Vertrags \u00fcberhaupt erst erm\u00f6glicht und auf deren Einhaltung vertraut werden darf. EU Lotto haftet in diesem Fall nur f\u00fcr die bei Vertragsschluss vorhersehbaren und typischen Sch\u00e4den.<\/p>\n\n\n\n<p>(3) Die Haftungsausschl\u00fcsse gem\u00e4\u00df Abs. 1 und Abs. 2 gelten nicht f\u00fcr die Haftung f\u00fcr Sch\u00e4den aus der Verletzung des Lebens, des K\u00f6rpers oder der Gesundheit und Anspr\u00fcche nach dem Produkthaftungsgesetz.<\/p>\n\n\n\n<p>(4) Vereinbarungen zwischen dem Dienstleister und dem Spielteilnehmer, die von diesen Spielbedingungen abweichen, sind f\u00fcr EU Lotto nicht verbindlich.<\/p>\n\n\n\n<p>(5) F\u00fcr Reklamationen und Ausk\u00fcnfte steht EU Lotto jederzeit zur Verf\u00fcgung, Telefon 0044 2037704310, E-Mail info@eulottoltd.com<\/p>\n\n\n\n<h3 class=\"wp-block-heading\">\u00a7 13 Spielerg\u00e4nzung MillionenJoker<\/h3>\n\n\n\n<p>(1) Parallel zum KLN-Spiel f\u00fchrt EU Lotto die Spieleerg\u00e4nzung \u201cMillionenJoker\u201d (im Folgenden \u201eMillionenJoker-Spiel\u201c) gem\u00e4\u00df dem Gewinnplan in 6 Klassen durch: Bei erstmaliger Spielteilnahme kann der Spielteilnehmer bestimmen, ob er sich mit diesem Los an der Spielerg\u00e4nzung MillionenJoker &#8211; Spiel beteiligen will. An diese Entscheidung bleibt er w\u00e4hrend der Dauer des Spiels gebunden. Die Beteiligung am MillionenJokerJ-Spiel wird auf dem Los vermerkt. Eine Beendigung der Spielerg\u00e4nzung  ist nur zusammen mit der Beendigung der Beteiligung am Hauptspiel m\u00f6glich.<\/p>\n\n\n\n<p>(2) Beim MillionenJokerJ-Spiel werden gem\u00e4\u00df Gewinnplan  230 Gewinne mit einer Gesamtgewinnsumme von 230.000.000 \u20ac verlost. Die planm\u00e4\u00dfige Gewinnaussch\u00fcttungsquote des MillionenJokerJ-Spiels betr\u00e4gt bei einer Teilnahme am KLNSpiel mit MillionenJoker \u00fcber alle 6 Klassen 49,08%.<\/p>\n\n\n\n<p>(3) EU Lotto zahlt dem Spielteilnehmer den gleichen Betrag, den der Spielteilnehmer erhalten h\u00e4tte, h\u00e4tte er mit der gleichen Losnummer und -teilung direkt an der Millionen-Joker-Basislotterie teilgenommen.<\/p>\n\n\n\n<p>(4) Die Teilnahme am MillionenJoker-Spiel kostet je Klasse 28,00 \u20ac f\u00fcr ein ganzes Los, 14,00 \u20ac f\u00fcr ein halbes Los, 7,00 \u20ac f\u00fcr ein Viertellos, 3,50 \u20ac f\u00fcr ein Achtellos und 1,75 \u20ac f\u00fcr ein Sechzehntellos.<\/p>\n\n\n\n<p>(5) Die Regelung des \u00a7 6 Abs. 7 gilt mit der Ma\u00dfgabe, dass Losnummern mit MillionenJoker Vorrang haben vor Losnummern gleicher Losteilung ohne MillionenJoker, es sei denn, der Spielteilnehmer trifft eine andere Bestimmung.<\/p>\n\n\n\n<p>(6) Bei der Spielerg\u00e4nzung MillionenJoker gibt es keine Anschlusslose. Insofern finden die Regelungen des \u00a7 9 Abs. 2 und Abs. 3 keine Anwendung.<\/p>\n\n\n\n<p>(7) Im \u00dcbrigen gelten f\u00fcr das MillionenJoker-Spiel die sonstigen Bestimmungen der Spielbedingungen entsprechend.<\/p>\n\n\n\n<h3 class=\"wp-block-heading\">\u00a7 14 Spielgeheimnis<\/h3>\n\n\n\n<p>Die Namen der Gewinner werden auf Wunsch der Gewinner geheim gehalten.<\/p>\n\n\n\n<h2 class=\"wp-block-heading\">Teil 2: RentenJoker <\/h2>\n\n\n\n<h3 class=\"wp-block-heading\">\u00a7 1 Organisation<\/h3>\n\n\n\n<p>(1) Parallel zum KLN-Spiel f\u00fchrt EU Lotto das Spiel \u201cRentenJoker\u201d (im Folgenden \u201eRentenJoker-Spiel\u201c) gem\u00e4\u00df dem Gewinnplan in 6 Klassen durch.<\/p>\n\n\n\n<p>(2) Es werden 3.000.000 nicht teilbare Lose aufgelegt. Auf diese Lose fallen insgesamt 300 10-Jahres-Rentengewinne und Geldpreise in H\u00f6he von 2.000.000 \u20ac mit einer Gesamtgewinnsumme von 46.640.000 \u20ac. Die planm\u00e4\u00dfige Gewinnaussch\u00fcttungsquote betr\u00e4gt bei einer Teilnahme \u00fcber alle 6 Klassen 51.80%. <\/p>\n\n\n\n<h3 class=\"wp-block-heading\">\u00a7 2 Spieleinsatz <\/h3>\n\n\n\n<p>Der Lospreis betr\u00e4gt je Los und Klasse 5,00 \u20ac. Die Spielteilnahme kann zu jeder Klasse begonnen werden, ohne den Lospreis f\u00fcr die vorhergehenden Klassen bezahlen zu m\u00fcssen.<\/p>\n\n\n\n<h3 class=\"wp-block-heading\">\u00a7 3 Losbezahlung<\/h3>\n\n\n\n<p>Der Lospreis betr\u00e4gt je Los und Klasse 5,00 \u20ac. Die Spielteilnahme kann zu jeder Klasse begonnen werden, ohne den Lospreis f\u00fcr die vorhergehenden Klassen bezahlen zu m\u00fcssen.<\/p>\n\n\n\n<p>(1) Der Lospreis ist sp\u00e4testens mit Ablauf des vorletzten Werktages (ohne Samstage) vor der Ziehung des RentenJokerJ &#8211; Spiel zu bezahlen.<\/p>\n\n\n\n<p>(2) Werden die Lospreise f\u00fcr das Hauptspiel und f\u00fcr das RentenJokerJ &#8211; Spiel nicht vollst\u00e4ndig bezahlt, so ist der gezahlte Betrag zuerst auf die Lose des Hauptspiels und danach auf die Lose des RentenJokerJ &#8211; Spiels zu verrechnen, es sei denn, der Spielteilnehmer trifft eine andere Bestimmung.<\/p>\n\n\n\n<h3 class=\"wp-block-heading\"> \u00a7 4 Gewinnermittlung<\/h3>\n\n\n\n<p>(1) Die Gewinnermittlung der Renten-Gewinne erfolgt durch die Ziehung 7-stelliger Ziffern der Renten-Joker-Basislotterie als Gewinnnummern gem\u00e4\u00df Teil 1 \u00a7 8.<\/p>\n\n\n\n<p>(2) Bei den Geldpreisen handelt es sich um eine Zusatzverlosung durch EU-Lotto. Die Gewinnermittlung der Geldpreise im RentenJoker-Spiel erfolgt mittels eines propriet\u00e4ren Zufallszahlengenerators, der von einem unabh\u00e4ngigen Testlabor zertifiziert wurde.Pro <\/p>\n\n\n\n<p>(3) EU Lotto zahlt dem Spielteilnehmer den gleichen Betrag, den der Spielteilnehmer erhalten h\u00e4tte, h\u00e4tte er mit der gleichen Losnummer direkt an der Renten-Joker-Basislotterie teilgenommen.<\/p>\n\n\n\n<h3 class=\"wp-block-heading\">\u00a7 5 Gewinnauszahlung<\/h3>\n\n\n\n<p>10-Jahres-Rentengewinne werden von EU Lotto ausgezahlt und sind nicht vererbbar.<\/p>\n\n\n\n<h3 class=\"wp-block-heading\">\u00a7 6 Allgemeine Bestimmung<\/h3>\n\n\n\n<p>Soweit vorstehend nichts anderes geregelt ist, gelten f\u00fcr den Renten-Joker-spiel die Regelungen des KLN-Spiels entsprechend.<\/p>\n","protected":false},"excerpt":{"rendered":"<p>SPIELBEDINGUNGEN \u201e142. KlassenLotterieNord \u201c vom 1. April 2019 bis zum<\/p>\n","protected":false},"author":1,"featured_media":68,"parent":26,"menu_order":0,"comment_status":"closed","ping_status":"closed","template":"page-tcs.php","meta":{"footnotes":""},"_links":{"self":[{"href":"https:\/\/lotterieservice.eu\/de\/wp-json\/wp\/v2\/pages\/67"}],"collection":[{"href":"https:\/\/lotterieservice.eu\/de\/wp-json\/wp\/v2\/pages"}],"about":[{"href":"https:\/\/lotterieservice.eu\/de\/wp-json\/wp\/v2\/types\/page"}],"author":[{"embeddable":true,"href":"https:\/\/lotterieservice.eu\/de\/wp-json\/wp\/v2\/users\/1"}],"replies":[{"embeddable":true,"href":"https:\/\/lotterieservice.eu\/de\/wp-json\/wp\/v2\/comments?post=67"}],"version-history":[{"count":1,"href":"https:\/\/lotterieservice.eu\/de\/wp-json\/wp\/v2\/pages\/67\/revisions"}],"predecessor-version":[{"id":70,"href":"https:\/\/lotterieservice.eu\/de\/wp-json\/wp\/v2\/pages\/67\/revisions\/70"}],"up":[{"embeddable":true,"href":"https:\/\/lotterieservice.eu\/de\/wp-json\/wp\/v2\/pages\/26"}],"wp:featuredmedia":[{"embeddable":true,"href":"https:\/\/lotterieservice.eu\/de\/wp-json\/wp\/v2\/media\/68"}],"wp:attachment":[{"href":"https:\/\/lotterieservice.eu\/de\/wp-json\/wp\/v2\/media?parent=67"}],"curies":[{"name":"wp","href":"https:\/\/api.w.org\/{rel}","templated":true}]}}