{"id":98,"date":"2019-09-23T21:30:30","date_gmt":"2019-09-23T21:30:30","guid":{"rendered":"https:\/\/qa.lotterieservice.eu\/?page_id=98"},"modified":"2019-11-29T15:05:31","modified_gmt":"2019-11-29T15:05:31","slug":"impressum","status":"publish","type":"page","link":"https:\/\/lotterieservice.eu\/de\/kln\/impressum\/","title":{"rendered":"Impressum"},"content":{"rendered":"\n<h2 class=\"wp-block-heading\">Perspektivum GmbH<\/h2>\n\n\n\n<p>Dienstleister f\u00fcr Kunden der KLN im Auftrag von EU Lotto Ltd. <\/p>\n\n\n\n<p>August-Bebel-Str. 32<br>16761 Hennigsdorf<br>International +49 3302 780 99 84<br>Fax +49 3302 229867<br>eMail: info@lotterieservice.eu<br>vertreten durch Gesch\u00e4ftsf\u00fchrer Bernd G\u00f6tze<br>eingetragen im Handelsregister <br>HRB 7819 (Amtsgericht Neuruppin) UID: DE254690682 <\/p>\n\n\n\n<p>Trotz sorgf\u00e4ltiger inhaltlicher Kontrolle \u00fcbernehmen wir keine Haftung f\u00fcr die Inhalte externer Links auf unseren Seiten. F\u00fcr den Inhalt der verlinkten Seiten sind ausschlie\u00dflich deren Betreiber verantwortlich. <\/p>\n","protected":false},"excerpt":{"rendered":"","protected":false},"author":1,"featured_media":68,"parent":26,"menu_order":0,"comment_status":"closed","ping_status":"closed","template":"","meta":{"footnotes":""},"_links":{"self":[{"href":"https:\/\/lotterieservice.eu\/de\/wp-json\/wp\/v2\/pages\/98"}],"collection":[{"href":"https:\/\/lotterieservice.eu\/de\/wp-json\/wp\/v2\/pages"}],"about":[{"href":"https:\/\/lotterieservice.eu\/de\/wp-json\/wp\/v2\/types\/page"}],"author":[{"embeddable":true,"href":"https:\/\/lotterieservice.eu\/de\/wp-json\/wp\/v2\/users\/1"}],"replies":[{"embeddable":true,"href":"https:\/\/lotterieservice.eu\/de\/wp-json\/wp\/v2\/comments?post=98"}],"version-history":[{"count":1,"href":"https:\/\/lotterieservice.eu\/de\/wp-json\/wp\/v2\/pages\/98\/revisions"}],"predecessor-version":[{"id":101,"href":"https:\/\/lotterieservice.eu\/de\/wp-json\/wp\/v2\/pages\/98\/revisions\/101"}],"up":[{"embeddable":true,"href":"https:\/\/lotterieservice.eu\/de\/wp-json\/wp\/v2\/pages\/26"}],"wp:featuredmedia":[{"embeddable":true,"href":"https:\/\/lotterieservice.eu\/de\/wp-json\/wp\/v2\/media\/68"}],"wp:attachment":[{"href":"https:\/\/lotterieservice.eu\/de\/wp-json\/wp\/v2\/media?parent=98"}],"curies":[{"name":"wp","href":"https:\/\/api.w.org\/{rel}","templated":true}]}}